{"id":11,"date":"2021-04-24T10:33:34","date_gmt":"2021-04-24T08:33:34","guid":{"rendered":"https:\/\/www.eskimocoop.it\/sitonuovo\/?page_id=11"},"modified":"2021-05-07T12:32:23","modified_gmt":"2021-05-07T10:32:23","slug":"chi-siamo","status":"publish","type":"page","link":"https:\/\/www.eskimocoop.it\/?page_id=11","title":{"rendered":"CHI SIAMO"},"content":{"rendered":"\n<p><strong>Eskimo Societ\u00e0 Cooperativa Sociale Onlus (cooperativa sociale in Toscana di tipo A) <\/strong>nasce nel 2002 nel comune di Cerreto Guidi (Firenze). A quella data il gruppo di soci che la costituiscono &#8211; in prevalenza donne &#8211; \u00e8 da anni impegnato sul territorio con l&#8217;<a href=\"http:\/\/www.myonlus.it\/onlus-associazione-culturale-medicea-cerreto-guidi-dettaglio.html\">associazione culturale Medicea<\/a> nata nel 1998. Eskimo ne recepisce i valori e ne diventa il braccio operativo, connotandosi pienamente come <a href=\"https:\/\/www.eskimocoop.it\/bilancio-sociale\/\">impresa economica<\/a>.<\/p>\n\n\n\n<p><strong>Cooperativa sociale in Toscana di tipo A<\/strong>, i servizi alla persona del suo oggetto sociale implementano quattro aree aziendali: infanzia, minori, cultura e area disabili e anziani. La volont\u00e0 di differenziare gli ambiti di competenza ha permesso lo sviluppo di un&#8217;azienda con pi\u00f9 di 50 dipendenti che opera con qualit\u00e0 in campi diversificati e su diverse fasce di et\u00e0, in contesti territoriali limitrofi. Ognuno di questi campi rafforza naturalmente l&#8217;altro, potenziando il valore complessivo dell&#8217;intervento.<\/p>\n\n\n\n<p><strong>La cooperativa Eskimo \u00e8 certificata UNI EN ISO 9001:2015<\/strong> nei seguenti campi di applicazione:<\/p>\n\n\n\n<ul class=\"wp-block-list\"><li>Progettazione ed erogazione di servizi alla prima infanzia<\/li><li>Progettazione ed erogazione di servizi socio assistenziali per alunni diversamente abili presso istituti scolastici<\/li><li>Progettazione ed erogazione di servizi socio educativi per minori (attivit\u00e0 di sostegno scolastico e attivit\u00e0 ludico motorie)<\/li><\/ul>\n\n\n\n<hr class=\"wp-block-separator\"\/>\n\n\n\n<p class=\"has-text-align-center\"><strong>LE ORGANIZZAZIONI A CUI ADERIAMO<\/strong><\/p>\n\n\n\n<p><\/p>\n\n\n\n<div class=\"wp-block-columns is-layout-flex wp-container-core-columns-is-layout-9d6595d7 wp-block-columns-is-layout-flex\">\n<div class=\"wp-block-column is-layout-flow wp-block-column-is-layout-flow\" style=\"flex-basis:100%\">\n<div class=\"wp-block-image\"><figure class=\"aligncenter size-large is-resized\"><img loading=\"lazy\" decoding=\"async\" src=\"https:\/\/www.eskimocoop.it\/wp-content\/uploads\/2021\/04\/legacooptoscana.coop_.jpg\" alt=\"cooperativa sociale eskimo partner\" class=\"wp-image-193\" width=\"444\" height=\"107\" srcset=\"https:\/\/www.eskimocoop.it\/wp-content\/uploads\/2021\/04\/legacooptoscana.coop_.jpg 690w, https:\/\/www.eskimocoop.it\/wp-content\/uploads\/2021\/04\/legacooptoscana.coop_-300x72.jpg 300w, https:\/\/www.eskimocoop.it\/wp-content\/uploads\/2021\/04\/legacooptoscana.coop_-590x142.jpg 590w\" sizes=\"auto, (max-width: 444px) 100vw, 444px\" \/><\/figure><\/div>\n\n\n\n<div class=\"wp-block-image\"><figure class=\"aligncenter size-large is-resized\"><img loading=\"lazy\" decoding=\"async\" src=\"https:\/\/www.eskimocoop.it\/wp-content\/uploads\/2021\/04\/pegasonet.net_.jpg\" alt=\"cooperativa sociale eskimo partner\" class=\"wp-image-194\" width=\"443\" height=\"80\" srcset=\"https:\/\/www.eskimocoop.it\/wp-content\/uploads\/2021\/04\/pegasonet.net_.jpg 690w, https:\/\/www.eskimocoop.it\/wp-content\/uploads\/2021\/04\/pegasonet.net_-300x54.jpg 300w, https:\/\/www.eskimocoop.it\/wp-content\/uploads\/2021\/04\/pegasonet.net_-590x107.jpg 590w\" sizes=\"auto, (max-width: 443px) 100vw, 443px\" \/><\/figure><\/div>\n\n\n\n<div class=\"wp-block-image\"><figure class=\"aligncenter size-large is-resized\"><img loading=\"lazy\" decoding=\"async\" src=\"https:\/\/www.eskimocoop.it\/wp-content\/uploads\/2021\/04\/consorziometropoli.org_.jpg\" alt=\"cooperativa sociale eskimo partner\" class=\"wp-image-195\" width=\"444\" height=\"70\" srcset=\"https:\/\/www.eskimocoop.it\/wp-content\/uploads\/2021\/04\/consorziometropoli.org_.jpg 690w, https:\/\/www.eskimocoop.it\/wp-content\/uploads\/2021\/04\/consorziometropoli.org_-300x47.jpg 300w, https:\/\/www.eskimocoop.it\/wp-content\/uploads\/2021\/04\/consorziometropoli.org_-590x93.jpg 590w\" sizes=\"auto, (max-width: 444px) 100vw, 444px\" \/><\/figure><\/div>\n<\/div>\n<\/div>\n","protected":false},"excerpt":{"rendered":"<p>Eskimo Societ\u00e0 Cooperativa Sociale Onlus (cooperativa sociale in Toscana di tipo A) nasce nel 2002 nel comune di Cerreto Guidi (Firenze). A quella data il gruppo di soci che la costituiscono &#8211; in prevalenza donne &#8211; \u00e8 da anni impegnato sul territorio con l&#8217;associazione culturale Medicea nata nel 1998. Eskimo &hellip;<\/p>\n","protected":false},"author":1,"featured_media":330,"parent":0,"menu_order":0,"comment_status":"closed","ping_status":"closed","template":"","meta":{"footnotes":""},"class_list":["post-11","page","type-page","status-publish","has-post-thumbnail","hentry"],"yoast_head":"<!-- This site is optimized with the Yoast SEO plugin v27.3 - https:\/\/yoast.com\/product\/yoast-seo-wordpress\/ -->\n<title>Cooperativa sociale in Toscana - Cooperativa Eskimo Onlus - Chi Siamo<\/title>\n<meta name=\"description\" content=\"Siamo una cooperativa sociale di Cerreto Guidi in Toscana con servizi alla persona nei settori cultura, anziani, disabili, minori, infanzia.\" \/>\n<meta name=\"robots\" content=\"index, follow, max-snippet:-1, max-image-preview:large, max-video-preview:-1\" \/>\n<link rel=\"canonical\" href=\"https:\/\/www.eskimocoop.it\/?page_id=11\" \/>\n<meta property=\"og:locale\" content=\"it_IT\" \/>\n<meta property=\"og:type\" content=\"article\" \/>\n<meta property=\"og:title\" content=\"Cooperativa sociale in Toscana - Cooperativa Eskimo Onlus - Chi Siamo\" \/>\n<meta property=\"og:description\" content=\"Siamo una cooperativa sociale di Cerreto Guidi in Toscana con servizi alla persona nei settori cultura, anziani, disabili, minori, infanzia.\" \/>\n<meta property=\"og:url\" content=\"https:\/\/www.eskimocoop.it\/?page_id=11\" \/>\n<meta property=\"og:site_name\" content=\"Cooperativa Sociale Eskimo Onlus\" \/>\n<meta property=\"article:publisher\" content=\"https:\/\/www.facebook.com\/Eskimo-Societ%c3%a0-Cooperativa-Sociale-1764503417114890\" \/>\n<meta property=\"article:modified_time\" content=\"2021-05-07T10:32:23+00:00\" \/>\n<meta property=\"og:image\" content=\"https:\/\/www.eskimocoop.it\/wp-content\/uploads\/2021\/04\/gruppoi.jpg\" \/>\n\t<meta property=\"og:image:width\" content=\"1446\" \/>\n\t<meta property=\"og:image:height\" content=\"523\" \/>\n\t<meta property=\"og:image:type\" content=\"image\/jpeg\" \/>\n<meta name=\"twitter:card\" content=\"summary_large_image\" \/>\n<meta name=\"twitter:label1\" content=\"Tempo di lettura stimato\" \/>\n\t<meta name=\"twitter:data1\" content=\"2 minuti\" \/>\n<script type=\"application\/ld+json\" class=\"yoast-schema-graph\">{\"@context\":\"https:\\\/\\\/schema.org\",\"@graph\":[{\"@type\":\"WebPage\",\"@id\":\"https:\\\/\\\/www.eskimocoop.it\\\/?page_id=11\",\"url\":\"https:\\\/\\\/www.eskimocoop.it\\\/?page_id=11\",\"name\":\"Cooperativa sociale in Toscana - Cooperativa Eskimo Onlus - Chi Siamo\",\"isPartOf\":{\"@id\":\"https:\\\/\\\/www.eskimocoop.it\\\/#website\"},\"primaryImageOfPage\":{\"@id\":\"https:\\\/\\\/www.eskimocoop.it\\\/?page_id=11#primaryimage\"},\"image\":{\"@id\":\"https:\\\/\\\/www.eskimocoop.it\\\/?page_id=11#primaryimage\"},\"thumbnailUrl\":\"https:\\\/\\\/www.eskimocoop.it\\\/wp-content\\\/uploads\\\/2021\\\/04\\\/gruppoi.jpg\",\"datePublished\":\"2021-04-24T08:33:34+00:00\",\"dateModified\":\"2021-05-07T10:32:23+00:00\",\"description\":\"Siamo una cooperativa sociale di Cerreto Guidi in Toscana con servizi alla persona nei settori cultura, anziani, disabili, minori, infanzia.\",\"breadcrumb\":{\"@id\":\"https:\\\/\\\/www.eskimocoop.it\\\/?page_id=11#breadcrumb\"},\"inLanguage\":\"it-IT\",\"potentialAction\":[{\"@type\":\"ReadAction\",\"target\":[\"https:\\\/\\\/www.eskimocoop.it\\\/?page_id=11\"]}]},{\"@type\":\"ImageObject\",\"inLanguage\":\"it-IT\",\"@id\":\"https:\\\/\\\/www.eskimocoop.it\\\/?page_id=11#primaryimage\",\"url\":\"https:\\\/\\\/www.eskimocoop.it\\\/wp-content\\\/uploads\\\/2021\\\/04\\\/gruppoi.jpg\",\"contentUrl\":\"https:\\\/\\\/www.eskimocoop.it\\\/wp-content\\\/uploads\\\/2021\\\/04\\\/gruppoi.jpg\",\"width\":1446,\"height\":523,\"caption\":\"cooperativa eskimo gruppo\"},{\"@type\":\"BreadcrumbList\",\"@id\":\"https:\\\/\\\/www.eskimocoop.it\\\/?page_id=11#breadcrumb\",\"itemListElement\":[{\"@type\":\"ListItem\",\"position\":1,\"name\":\"Home\",\"item\":\"https:\\\/\\\/www.eskimocoop.it\\\/\"},{\"@type\":\"ListItem\",\"position\":2,\"name\":\"CHI SIAMO\"}]},{\"@type\":\"WebSite\",\"@id\":\"https:\\\/\\\/www.eskimocoop.it\\\/#website\",\"url\":\"https:\\\/\\\/www.eskimocoop.it\\\/\",\"name\":\"Cooperativa Sociale Eskimo Onlus\",\"description\":\"Cooperativa Eskimo\",\"publisher\":{\"@id\":\"https:\\\/\\\/www.eskimocoop.it\\\/#organization\"},\"potentialAction\":[{\"@type\":\"SearchAction\",\"target\":{\"@type\":\"EntryPoint\",\"urlTemplate\":\"https:\\\/\\\/www.eskimocoop.it\\\/?s={search_term_string}\"},\"query-input\":{\"@type\":\"PropertyValueSpecification\",\"valueRequired\":true,\"valueName\":\"search_term_string\"}}],\"inLanguage\":\"it-IT\"},{\"@type\":\"Organization\",\"@id\":\"https:\\\/\\\/www.eskimocoop.it\\\/#organization\",\"name\":\"Cooperativa Sociale Eskimo Onlus\",\"url\":\"https:\\\/\\\/www.eskimocoop.it\\\/\",\"logo\":{\"@type\":\"ImageObject\",\"inLanguage\":\"it-IT\",\"@id\":\"https:\\\/\\\/www.eskimocoop.it\\\/#\\\/schema\\\/logo\\\/image\\\/\",\"url\":\"https:\\\/\\\/www.eskimocoop.it\\\/wp-content\\\/uploads\\\/2021\\\/04\\\/cropped-eskimo_logo.jpg\",\"contentUrl\":\"https:\\\/\\\/www.eskimocoop.it\\\/wp-content\\\/uploads\\\/2021\\\/04\\\/cropped-eskimo_logo.jpg\",\"width\":1181,\"height\":526,\"caption\":\"Cooperativa Sociale Eskimo Onlus\"},\"image\":{\"@id\":\"https:\\\/\\\/www.eskimocoop.it\\\/#\\\/schema\\\/logo\\\/image\\\/\"},\"sameAs\":[\"https:\\\/\\\/www.facebook.com\\\/Eskimo-Societ\u00e0-Cooperativa-Sociale-1764503417114890\"]}]}<\/script>\n<!-- \/ Yoast SEO plugin. -->","yoast_head_json":{"title":"Cooperativa sociale in Toscana - Cooperativa Eskimo Onlus - Chi Siamo","description":"Siamo una cooperativa sociale di Cerreto Guidi in Toscana con servizi alla persona nei settori cultura, anziani, disabili, minori, infanzia.","robots":{"index":"index","follow":"follow","max-snippet":"max-snippet:-1","max-image-preview":"max-image-preview:large","max-video-preview":"max-video-preview:-1"},"canonical":"https:\/\/www.eskimocoop.it\/?page_id=11","og_locale":"it_IT","og_type":"article","og_title":"Cooperativa sociale in Toscana - Cooperativa Eskimo Onlus - Chi Siamo","og_description":"Siamo una cooperativa sociale di Cerreto Guidi in Toscana con servizi alla persona nei settori cultura, anziani, disabili, minori, infanzia.","og_url":"https:\/\/www.eskimocoop.it\/?page_id=11","og_site_name":"Cooperativa Sociale Eskimo Onlus","article_publisher":"https:\/\/www.facebook.com\/Eskimo-Societ%c3%a0-Cooperativa-Sociale-1764503417114890","article_modified_time":"2021-05-07T10:32:23+00:00","og_image":[{"width":1446,"height":523,"url":"https:\/\/www.eskimocoop.it\/wp-content\/uploads\/2021\/04\/gruppoi.jpg","type":"image\/jpeg"}],"twitter_card":"summary_large_image","twitter_misc":{"Tempo di lettura stimato":"2 minuti"},"schema":{"@context":"https:\/\/schema.org","@graph":[{"@type":"WebPage","@id":"https:\/\/www.eskimocoop.it\/?page_id=11","url":"https:\/\/www.eskimocoop.it\/?page_id=11","name":"Cooperativa sociale in Toscana - Cooperativa Eskimo Onlus - Chi Siamo","isPartOf":{"@id":"https:\/\/www.eskimocoop.it\/#website"},"primaryImageOfPage":{"@id":"https:\/\/www.eskimocoop.it\/?page_id=11#primaryimage"},"image":{"@id":"https:\/\/www.eskimocoop.it\/?page_id=11#primaryimage"},"thumbnailUrl":"https:\/\/www.eskimocoop.it\/wp-content\/uploads\/2021\/04\/gruppoi.jpg","datePublished":"2021-04-24T08:33:34+00:00","dateModified":"2021-05-07T10:32:23+00:00","description":"Siamo una cooperativa sociale di Cerreto Guidi in Toscana con servizi alla persona nei settori cultura, anziani, disabili, minori, infanzia.","breadcrumb":{"@id":"https:\/\/www.eskimocoop.it\/?page_id=11#breadcrumb"},"inLanguage":"it-IT","potentialAction":[{"@type":"ReadAction","target":["https:\/\/www.eskimocoop.it\/?page_id=11"]}]},{"@type":"ImageObject","inLanguage":"it-IT","@id":"https:\/\/www.eskimocoop.it\/?page_id=11#primaryimage","url":"https:\/\/www.eskimocoop.it\/wp-content\/uploads\/2021\/04\/gruppoi.jpg","contentUrl":"https:\/\/www.eskimocoop.it\/wp-content\/uploads\/2021\/04\/gruppoi.jpg","width":1446,"height":523,"caption":"cooperativa eskimo gruppo"},{"@type":"BreadcrumbList","@id":"https:\/\/www.eskimocoop.it\/?page_id=11#breadcrumb","itemListElement":[{"@type":"ListItem","position":1,"name":"Home","item":"https:\/\/www.eskimocoop.it\/"},{"@type":"ListItem","position":2,"name":"CHI SIAMO"}]},{"@type":"WebSite","@id":"https:\/\/www.eskimocoop.it\/#website","url":"https:\/\/www.eskimocoop.it\/","name":"Cooperativa Sociale Eskimo Onlus","description":"Cooperativa Eskimo","publisher":{"@id":"https:\/\/www.eskimocoop.it\/#organization"},"potentialAction":[{"@type":"SearchAction","target":{"@type":"EntryPoint","urlTemplate":"https:\/\/www.eskimocoop.it\/?s={search_term_string}"},"query-input":{"@type":"PropertyValueSpecification","valueRequired":true,"valueName":"search_term_string"}}],"inLanguage":"it-IT"},{"@type":"Organization","@id":"https:\/\/www.eskimocoop.it\/#organization","name":"Cooperativa Sociale Eskimo Onlus","url":"https:\/\/www.eskimocoop.it\/","logo":{"@type":"ImageObject","inLanguage":"it-IT","@id":"https:\/\/www.eskimocoop.it\/#\/schema\/logo\/image\/","url":"https:\/\/www.eskimocoop.it\/wp-content\/uploads\/2021\/04\/cropped-eskimo_logo.jpg","contentUrl":"https:\/\/www.eskimocoop.it\/wp-content\/uploads\/2021\/04\/cropped-eskimo_logo.jpg","width":1181,"height":526,"caption":"Cooperativa Sociale Eskimo Onlus"},"image":{"@id":"https:\/\/www.eskimocoop.it\/#\/schema\/logo\/image\/"},"sameAs":["https:\/\/www.facebook.com\/Eskimo-Societ\u00e0-Cooperativa-Sociale-1764503417114890"]}]}},"_links":{"self":[{"href":"https:\/\/www.eskimocoop.it\/index.php?rest_route=\/wp\/v2\/pages\/11","targetHints":{"allow":["GET"]}}],"collection":[{"href":"https:\/\/www.eskimocoop.it\/index.php?rest_route=\/wp\/v2\/pages"}],"about":[{"href":"https:\/\/www.eskimocoop.it\/index.php?rest_route=\/wp\/v2\/types\/page"}],"author":[{"embeddable":true,"href":"https:\/\/www.eskimocoop.it\/index.php?rest_route=\/wp\/v2\/users\/1"}],"replies":[{"embeddable":true,"href":"https:\/\/www.eskimocoop.it\/index.php?rest_route=%2Fwp%2Fv2%2Fcomments&post=11"}],"version-history":[{"count":23,"href":"https:\/\/www.eskimocoop.it\/index.php?rest_route=\/wp\/v2\/pages\/11\/revisions"}],"predecessor-version":[{"id":534,"href":"https:\/\/www.eskimocoop.it\/index.php?rest_route=\/wp\/v2\/pages\/11\/revisions\/534"}],"wp:featuredmedia":[{"embeddable":true,"href":"https:\/\/www.eskimocoop.it\/index.php?rest_route=\/wp\/v2\/media\/330"}],"wp:attachment":[{"href":"https:\/\/www.eskimocoop.it\/index.php?rest_route=%2Fwp%2Fv2%2Fmedia&parent=11"}],"curies":[{"name":"wp","href":"https:\/\/api.w.org\/{rel}","templated":true}]}}