{"id":16,"date":"2021-04-24T10:34:42","date_gmt":"2021-04-24T08:34:42","guid":{"rendered":"https:\/\/www.eskimocoop.it\/sitonuovo\/?page_id=16"},"modified":"2021-05-06T09:31:52","modified_gmt":"2021-05-06T07:31:52","slug":"cultura","status":"publish","type":"page","link":"https:\/\/www.eskimocoop.it\/?page_id=16","title":{"rendered":"CULTURA"},"content":{"rendered":"\n<figure class=\"wp-block-pullquote\"><blockquote><p>\u201cLa cultura \u00e8 un bene primario come l\u2019acqua; i teatri le biblioteche <\/p><p>e i cinema sono come tanti acquedotti\u201d.<\/p><cite>claudio abbado<\/cite><\/blockquote><\/figure>\n\n\n\n<hr class=\"wp-block-separator\"\/>\n\n\n\n<p class=\"has-large-font-size\"><strong>Partecipare, arricchire, crescere<\/strong><\/p>\n\n\n\n<p><strong>Eskimo, cooperativa sociale Onlus in Toscana,<\/strong> ha una conoscenza diretta e un rapporto gi\u00e0 consolidato di collaborazione con il<strong> tessuto sociale del territorio<\/strong>. Questa \u00e8 la cultura in cui crediamo: chi lavora con la persona e per la persona sa che \u00e8 proprio questo il patrimonio pi\u00f9 importante da custodire, soprattutto per le imprese sociali.<\/p>\n\n\n\n<p class=\"has-text-align-left\">Dal 2010 <a href=\"https:\/\/www.eskimocoop.it\/chi-siamo\/\">Eskimo<\/a> ha iniziato a gestire <strong>biblioteche e archivi storici<\/strong>. L\u2019area cultura, sebbene quella di sviluppo pi\u00f9 recente, per una cooperativa sociale \u00e8 risultata fin da subito importante. La gestione diretta di questi servizi permette di intercettare le esigenze culturali del territorio e di aprire un dialogo quotidiano con il pubblico operando delle scelte significative. Coltivare lo sviluppo di quest\u2019area, inoltre, arricchisce gli altri settori della cooperativa attraverso diverse forme di collaborazione: dalle piccole biblioteche e videoteche nei nidi e nei ciaf, agli interventi di promozione alla lettura in percorsi strutturati per bambini, al coinvolgimento diretto in iniziative culturali dei ragazzi che partecipano ai centri estivi. <\/p>\n\n\n\n<p>Il servizio attualmente gestito dalla cooperativa sociale Onlus Eskimo \u00e8 la gestione dei seguenti spazi:<\/p>\n\n\n\n<p><a href=\"http:\/\/reanet.empolese-valdelsa.it\/index.php\/biblioteche-rea-net\/capraia-e-limite\">Biblioteca Comunale \u201cPablo Neruda\u201d e Archivio Storico del Comune di Capraia e Limite<\/a><\/p>\n\n\n\n<p>Piazza VIII marzo 1944, 8 \u2013 Capraia e Limite (FI)<\/p>\n\n\n\n<p><a href=\"http:\/\/www.bibliotecaleonardiana.it\/bbl\/arch-storico\/ac-storico-home.shtml\">Archivio Storico del Comune di Vinci<\/a><\/p>\n\n\n\n<p>Via Roma, 25 \u2013 Vinci (FI)<\/p>\n\n\n\n<p>Personale complessivo impiegato nei servizi dell\u2019area cultura: 2<\/p>\n","protected":false},"excerpt":{"rendered":"<p>\u201cLa cultura \u00e8 un bene primario come l\u2019acqua; i teatri le biblioteche e i cinema sono come tanti acquedotti\u201d. claudio abbado Partecipare, arricchire, crescere Eskimo, cooperativa sociale Onlus in Toscana, ha una conoscenza diretta e un rapporto gi\u00e0 consolidato di collaborazione con il tessuto sociale del territorio. Questa \u00e8 la &hellip;<\/p>\n","protected":false},"author":1,"featured_media":334,"parent":0,"menu_order":0,"comment_status":"closed","ping_status":"closed","template":"","meta":{"footnotes":""},"class_list":["post-16","page","type-page","status-publish","has-post-thumbnail","hentry"],"yoast_head":"<!-- This site is optimized with the Yoast SEO plugin v27.3 - https:\/\/yoast.com\/product\/yoast-seo-wordpress\/ -->\n<title>Cooperativa sociale Onlus in Toscana - Cooperativa Eskimo - Cultura<\/title>\n<meta name=\"description\" content=\"Cooperativa sociale onlus in Toscana a Cerreto Guidi (FI), tra i vari servizi ci occupiamo della gestione di biblioteche e archivi storici\" \/>\n<meta name=\"robots\" content=\"index, follow, max-snippet:-1, max-image-preview:large, max-video-preview:-1\" \/>\n<link rel=\"canonical\" href=\"https:\/\/www.eskimocoop.it\/?page_id=16\" \/>\n<meta property=\"og:locale\" content=\"it_IT\" \/>\n<meta property=\"og:type\" content=\"article\" \/>\n<meta property=\"og:title\" content=\"Cooperativa sociale Onlus in Toscana - Cooperativa Eskimo - Cultura\" \/>\n<meta property=\"og:description\" content=\"Cooperativa sociale onlus in Toscana a Cerreto Guidi (FI), tra i vari servizi ci occupiamo della gestione di biblioteche e archivi storici\" \/>\n<meta property=\"og:url\" content=\"https:\/\/www.eskimocoop.it\/?page_id=16\" \/>\n<meta property=\"og:site_name\" content=\"Cooperativa Sociale Eskimo Onlus\" \/>\n<meta property=\"article:publisher\" content=\"https:\/\/www.facebook.com\/Eskimo-Societ%c3%a0-Cooperativa-Sociale-1764503417114890\" \/>\n<meta property=\"article:modified_time\" content=\"2021-05-06T07:31:52+00:00\" \/>\n<meta property=\"og:image\" content=\"https:\/\/www.eskimocoop.it\/wp-content\/uploads\/2021\/04\/libri.jpg\" \/>\n\t<meta property=\"og:image:width\" content=\"1446\" \/>\n\t<meta property=\"og:image:height\" content=\"523\" \/>\n\t<meta property=\"og:image:type\" content=\"image\/jpeg\" \/>\n<meta name=\"twitter:card\" content=\"summary_large_image\" \/>\n<meta name=\"twitter:label1\" content=\"Tempo di lettura stimato\" \/>\n\t<meta name=\"twitter:data1\" content=\"2 minuti\" \/>\n<script type=\"application\/ld+json\" class=\"yoast-schema-graph\">{\"@context\":\"https:\\\/\\\/schema.org\",\"@graph\":[{\"@type\":\"WebPage\",\"@id\":\"https:\\\/\\\/www.eskimocoop.it\\\/?page_id=16\",\"url\":\"https:\\\/\\\/www.eskimocoop.it\\\/?page_id=16\",\"name\":\"Cooperativa sociale Onlus in Toscana - Cooperativa Eskimo - Cultura\",\"isPartOf\":{\"@id\":\"https:\\\/\\\/www.eskimocoop.it\\\/#website\"},\"primaryImageOfPage\":{\"@id\":\"https:\\\/\\\/www.eskimocoop.it\\\/?page_id=16#primaryimage\"},\"image\":{\"@id\":\"https:\\\/\\\/www.eskimocoop.it\\\/?page_id=16#primaryimage\"},\"thumbnailUrl\":\"https:\\\/\\\/www.eskimocoop.it\\\/wp-content\\\/uploads\\\/2021\\\/04\\\/libri.jpg\",\"datePublished\":\"2021-04-24T08:34:42+00:00\",\"dateModified\":\"2021-05-06T07:31:52+00:00\",\"description\":\"Cooperativa sociale onlus in Toscana a Cerreto Guidi (FI), tra i vari servizi ci occupiamo della gestione di biblioteche e archivi storici\",\"breadcrumb\":{\"@id\":\"https:\\\/\\\/www.eskimocoop.it\\\/?page_id=16#breadcrumb\"},\"inLanguage\":\"it-IT\",\"potentialAction\":[{\"@type\":\"ReadAction\",\"target\":[\"https:\\\/\\\/www.eskimocoop.it\\\/?page_id=16\"]}]},{\"@type\":\"ImageObject\",\"inLanguage\":\"it-IT\",\"@id\":\"https:\\\/\\\/www.eskimocoop.it\\\/?page_id=16#primaryimage\",\"url\":\"https:\\\/\\\/www.eskimocoop.it\\\/wp-content\\\/uploads\\\/2021\\\/04\\\/libri.jpg\",\"contentUrl\":\"https:\\\/\\\/www.eskimocoop.it\\\/wp-content\\\/uploads\\\/2021\\\/04\\\/libri.jpg\",\"width\":1446,\"height\":523},{\"@type\":\"BreadcrumbList\",\"@id\":\"https:\\\/\\\/www.eskimocoop.it\\\/?page_id=16#breadcrumb\",\"itemListElement\":[{\"@type\":\"ListItem\",\"position\":1,\"name\":\"Home\",\"item\":\"https:\\\/\\\/www.eskimocoop.it\\\/\"},{\"@type\":\"ListItem\",\"position\":2,\"name\":\"CULTURA\"}]},{\"@type\":\"WebSite\",\"@id\":\"https:\\\/\\\/www.eskimocoop.it\\\/#website\",\"url\":\"https:\\\/\\\/www.eskimocoop.it\\\/\",\"name\":\"Cooperativa Sociale Eskimo Onlus\",\"description\":\"Cooperativa Eskimo\",\"publisher\":{\"@id\":\"https:\\\/\\\/www.eskimocoop.it\\\/#organization\"},\"potentialAction\":[{\"@type\":\"SearchAction\",\"target\":{\"@type\":\"EntryPoint\",\"urlTemplate\":\"https:\\\/\\\/www.eskimocoop.it\\\/?s={search_term_string}\"},\"query-input\":{\"@type\":\"PropertyValueSpecification\",\"valueRequired\":true,\"valueName\":\"search_term_string\"}}],\"inLanguage\":\"it-IT\"},{\"@type\":\"Organization\",\"@id\":\"https:\\\/\\\/www.eskimocoop.it\\\/#organization\",\"name\":\"Cooperativa Sociale Eskimo Onlus\",\"url\":\"https:\\\/\\\/www.eskimocoop.it\\\/\",\"logo\":{\"@type\":\"ImageObject\",\"inLanguage\":\"it-IT\",\"@id\":\"https:\\\/\\\/www.eskimocoop.it\\\/#\\\/schema\\\/logo\\\/image\\\/\",\"url\":\"https:\\\/\\\/www.eskimocoop.it\\\/wp-content\\\/uploads\\\/2021\\\/04\\\/cropped-eskimo_logo.jpg\",\"contentUrl\":\"https:\\\/\\\/www.eskimocoop.it\\\/wp-content\\\/uploads\\\/2021\\\/04\\\/cropped-eskimo_logo.jpg\",\"width\":1181,\"height\":526,\"caption\":\"Cooperativa Sociale Eskimo Onlus\"},\"image\":{\"@id\":\"https:\\\/\\\/www.eskimocoop.it\\\/#\\\/schema\\\/logo\\\/image\\\/\"},\"sameAs\":[\"https:\\\/\\\/www.facebook.com\\\/Eskimo-Societ\u00e0-Cooperativa-Sociale-1764503417114890\"]}]}<\/script>\n<!-- \/ Yoast SEO plugin. -->","yoast_head_json":{"title":"Cooperativa sociale Onlus in Toscana - Cooperativa Eskimo - Cultura","description":"Cooperativa sociale onlus in Toscana a Cerreto Guidi (FI), tra i vari servizi ci occupiamo della gestione di biblioteche e archivi storici","robots":{"index":"index","follow":"follow","max-snippet":"max-snippet:-1","max-image-preview":"max-image-preview:large","max-video-preview":"max-video-preview:-1"},"canonical":"https:\/\/www.eskimocoop.it\/?page_id=16","og_locale":"it_IT","og_type":"article","og_title":"Cooperativa sociale Onlus in Toscana - Cooperativa Eskimo - Cultura","og_description":"Cooperativa sociale onlus in Toscana a Cerreto Guidi (FI), tra i vari servizi ci occupiamo della gestione di biblioteche e archivi storici","og_url":"https:\/\/www.eskimocoop.it\/?page_id=16","og_site_name":"Cooperativa Sociale Eskimo Onlus","article_publisher":"https:\/\/www.facebook.com\/Eskimo-Societ%c3%a0-Cooperativa-Sociale-1764503417114890","article_modified_time":"2021-05-06T07:31:52+00:00","og_image":[{"width":1446,"height":523,"url":"https:\/\/www.eskimocoop.it\/wp-content\/uploads\/2021\/04\/libri.jpg","type":"image\/jpeg"}],"twitter_card":"summary_large_image","twitter_misc":{"Tempo di lettura stimato":"2 minuti"},"schema":{"@context":"https:\/\/schema.org","@graph":[{"@type":"WebPage","@id":"https:\/\/www.eskimocoop.it\/?page_id=16","url":"https:\/\/www.eskimocoop.it\/?page_id=16","name":"Cooperativa sociale Onlus in Toscana - Cooperativa Eskimo - Cultura","isPartOf":{"@id":"https:\/\/www.eskimocoop.it\/#website"},"primaryImageOfPage":{"@id":"https:\/\/www.eskimocoop.it\/?page_id=16#primaryimage"},"image":{"@id":"https:\/\/www.eskimocoop.it\/?page_id=16#primaryimage"},"thumbnailUrl":"https:\/\/www.eskimocoop.it\/wp-content\/uploads\/2021\/04\/libri.jpg","datePublished":"2021-04-24T08:34:42+00:00","dateModified":"2021-05-06T07:31:52+00:00","description":"Cooperativa sociale onlus in Toscana a Cerreto Guidi (FI), tra i vari servizi ci occupiamo della gestione di biblioteche e archivi storici","breadcrumb":{"@id":"https:\/\/www.eskimocoop.it\/?page_id=16#breadcrumb"},"inLanguage":"it-IT","potentialAction":[{"@type":"ReadAction","target":["https:\/\/www.eskimocoop.it\/?page_id=16"]}]},{"@type":"ImageObject","inLanguage":"it-IT","@id":"https:\/\/www.eskimocoop.it\/?page_id=16#primaryimage","url":"https:\/\/www.eskimocoop.it\/wp-content\/uploads\/2021\/04\/libri.jpg","contentUrl":"https:\/\/www.eskimocoop.it\/wp-content\/uploads\/2021\/04\/libri.jpg","width":1446,"height":523},{"@type":"BreadcrumbList","@id":"https:\/\/www.eskimocoop.it\/?page_id=16#breadcrumb","itemListElement":[{"@type":"ListItem","position":1,"name":"Home","item":"https:\/\/www.eskimocoop.it\/"},{"@type":"ListItem","position":2,"name":"CULTURA"}]},{"@type":"WebSite","@id":"https:\/\/www.eskimocoop.it\/#website","url":"https:\/\/www.eskimocoop.it\/","name":"Cooperativa Sociale Eskimo Onlus","description":"Cooperativa Eskimo","publisher":{"@id":"https:\/\/www.eskimocoop.it\/#organization"},"potentialAction":[{"@type":"SearchAction","target":{"@type":"EntryPoint","urlTemplate":"https:\/\/www.eskimocoop.it\/?s={search_term_string}"},"query-input":{"@type":"PropertyValueSpecification","valueRequired":true,"valueName":"search_term_string"}}],"inLanguage":"it-IT"},{"@type":"Organization","@id":"https:\/\/www.eskimocoop.it\/#organization","name":"Cooperativa Sociale Eskimo Onlus","url":"https:\/\/www.eskimocoop.it\/","logo":{"@type":"ImageObject","inLanguage":"it-IT","@id":"https:\/\/www.eskimocoop.it\/#\/schema\/logo\/image\/","url":"https:\/\/www.eskimocoop.it\/wp-content\/uploads\/2021\/04\/cropped-eskimo_logo.jpg","contentUrl":"https:\/\/www.eskimocoop.it\/wp-content\/uploads\/2021\/04\/cropped-eskimo_logo.jpg","width":1181,"height":526,"caption":"Cooperativa Sociale Eskimo Onlus"},"image":{"@id":"https:\/\/www.eskimocoop.it\/#\/schema\/logo\/image\/"},"sameAs":["https:\/\/www.facebook.com\/Eskimo-Societ\u00e0-Cooperativa-Sociale-1764503417114890"]}]}},"_links":{"self":[{"href":"https:\/\/www.eskimocoop.it\/index.php?rest_route=\/wp\/v2\/pages\/16","targetHints":{"allow":["GET"]}}],"collection":[{"href":"https:\/\/www.eskimocoop.it\/index.php?rest_route=\/wp\/v2\/pages"}],"about":[{"href":"https:\/\/www.eskimocoop.it\/index.php?rest_route=\/wp\/v2\/types\/page"}],"author":[{"embeddable":true,"href":"https:\/\/www.eskimocoop.it\/index.php?rest_route=\/wp\/v2\/users\/1"}],"replies":[{"embeddable":true,"href":"https:\/\/www.eskimocoop.it\/index.php?rest_route=%2Fwp%2Fv2%2Fcomments&post=16"}],"version-history":[{"count":15,"href":"https:\/\/www.eskimocoop.it\/index.php?rest_route=\/wp\/v2\/pages\/16\/revisions"}],"predecessor-version":[{"id":525,"href":"https:\/\/www.eskimocoop.it\/index.php?rest_route=\/wp\/v2\/pages\/16\/revisions\/525"}],"wp:featuredmedia":[{"embeddable":true,"href":"https:\/\/www.eskimocoop.it\/index.php?rest_route=\/wp\/v2\/media\/334"}],"wp:attachment":[{"href":"https:\/\/www.eskimocoop.it\/index.php?rest_route=%2Fwp%2Fv2%2Fmedia&parent=16"}],"curies":[{"name":"wp","href":"https:\/\/api.w.org\/{rel}","templated":true}]}}