{"id":18,"date":"2021-04-24T10:34:53","date_gmt":"2021-04-24T08:34:53","guid":{"rendered":"https:\/\/www.eskimocoop.it\/sitonuovo\/?page_id=18"},"modified":"2021-05-06T08:40:57","modified_gmt":"2021-05-06T06:40:57","slug":"minori","status":"publish","type":"page","link":"https:\/\/www.eskimocoop.it\/?page_id=18","title":{"rendered":"MINORI"},"content":{"rendered":"\n<figure class=\"wp-block-pullquote\"><blockquote><p><\/p><p>\u201cOgni esperienza \u00e8 sempre pi\u00f9 ricca dei principi teorici <\/p><p>che la possono descrivere e interpretare.\u201d<\/p><cite>Giuseppe bertagna<\/cite><\/blockquote><\/figure>\n\n\n\n<p class=\"has-large-font-size\"><strong>Educare, condividere, sostenere<\/strong><\/p>\n\n\n\n<p><\/p>\n\n\n\n<p><\/p>\n\n\n\n<p><strong>Il Ciaf<\/strong> \u00e8 un servizio educativo e sociale rivolto ai bambini, ai ragazzi e alle loro famiglie, con il compito fondamentale di costruire possibilit\u00e0 attraverso le quali arrivare a sentirsi parte di un contesto territoriale, di una comunit\u00e0 sociale che esprime idealit\u00e0 e prospettive di futuro.<\/p>\n\n\n\n<ul class=\"wp-block-list\"><li>la capacit\u00e0 di costruire e far convivere progettualit\u00e0 educativa individualizzata e di gruppo;<\/li><li>la capacit\u00e0 di ascolto e di accoglienza di bambini, ragazzi e famiglie, fondamentale al fine di poter diventare per loro un punto di riferimento significativo;<\/li><li>la capacit\u00e0 di interazione tra i bambini e i ragazzi ed il territorio, onde evitare e prevenire processi di emarginazione e stigmatizzazione sociale;<\/li><\/ul>\n\n\n\n<h5 class=\"wp-block-heading\">Come nasce il progetto<\/h5>\n\n\n\n<p>Le attivit\u00e0 che vengono programmate dalla nostra <strong>cooperativa sociale<\/strong> prevedono proposte ai ragazzi durante l&#8217;anno, sono studiate affinch\u00e9 possano rispondere in modo positivo alle richieste che ci inviano i ragazzi ogni giorno e per dare un aiuto concreto ai genitori che lavorano e hanno bisogno di un luogo sicuro e ricco di stimoli dove lasciare i propri figli.<br><br>Compito degli educatori della <strong>cooperativa sociale<\/strong> \u00e8 sostenere i bambini e i ragazzi durante il particolarissimo processo di crescita e formazione della loro personalit\u00e0, assecondando le naturali inclinazioni e aiutandoli ad esprimere pienamente le potenzialit\u00e0 affettive, creative, psicologiche, cognitive, sociali e motorie, attraverso i giochi, i laboratori grafico-pittorici e musicali e le attivit\u00e0 ludico-motorie.<\/p>\n","protected":false},"excerpt":{"rendered":"<p>\u201cOgni esperienza \u00e8 sempre pi\u00f9 ricca dei principi teorici che la possono descrivere e interpretare.\u201d Giuseppe bertagna Educare, condividere, sostenere Il Ciaf \u00e8 un servizio educativo e sociale rivolto ai bambini, ai ragazzi e alle loro famiglie, con il compito fondamentale di costruire possibilit\u00e0 attraverso le quali arrivare a sentirsi &hellip;<\/p>\n","protected":false},"author":1,"featured_media":313,"parent":0,"menu_order":0,"comment_status":"closed","ping_status":"closed","template":"","meta":{"footnotes":""},"class_list":["post-18","page","type-page","status-publish","has-post-thumbnail","hentry"],"yoast_head":"<!-- This site is optimized with the Yoast SEO plugin v27.3 - https:\/\/yoast.com\/product\/yoast-seo-wordpress\/ -->\n<title>Cooperativa sociale - Cooperativa sociale Eskimo - Infanzia<\/title>\n<meta name=\"description\" content=\"La cooperativa sociale Eskimo di Cerreto Guidi in Toscana si occupa tra i servizi di infanzia con progetti e proposte riservate ai ragazzi\" \/>\n<meta name=\"robots\" content=\"index, follow, max-snippet:-1, max-image-preview:large, max-video-preview:-1\" \/>\n<link rel=\"canonical\" href=\"https:\/\/www.eskimocoop.it\/?page_id=18\" \/>\n<meta property=\"og:locale\" content=\"it_IT\" \/>\n<meta property=\"og:type\" content=\"article\" \/>\n<meta property=\"og:title\" content=\"Cooperativa sociale - Cooperativa sociale Eskimo - Infanzia\" \/>\n<meta property=\"og:description\" content=\"La cooperativa sociale Eskimo di Cerreto Guidi in Toscana si occupa tra i servizi di infanzia con progetti e proposte riservate ai ragazzi\" \/>\n<meta property=\"og:url\" content=\"https:\/\/www.eskimocoop.it\/?page_id=18\" \/>\n<meta property=\"og:site_name\" content=\"Cooperativa Sociale Eskimo Onlus\" \/>\n<meta property=\"article:publisher\" content=\"https:\/\/www.facebook.com\/Eskimo-Societ%c3%a0-Cooperativa-Sociale-1764503417114890\" \/>\n<meta property=\"article:modified_time\" content=\"2021-05-06T06:40:57+00:00\" \/>\n<meta property=\"og:image\" content=\"https:\/\/www.eskimocoop.it\/wp-content\/uploads\/2021\/04\/gioco.jpg\" \/>\n\t<meta property=\"og:image:width\" content=\"1446\" \/>\n\t<meta property=\"og:image:height\" content=\"523\" \/>\n\t<meta property=\"og:image:type\" content=\"image\/jpeg\" \/>\n<meta name=\"twitter:card\" content=\"summary_large_image\" \/>\n<meta name=\"twitter:label1\" content=\"Tempo di lettura stimato\" \/>\n\t<meta name=\"twitter:data1\" content=\"2 minuti\" \/>\n<script type=\"application\/ld+json\" class=\"yoast-schema-graph\">{\"@context\":\"https:\\\/\\\/schema.org\",\"@graph\":[{\"@type\":\"WebPage\",\"@id\":\"https:\\\/\\\/www.eskimocoop.it\\\/?page_id=18\",\"url\":\"https:\\\/\\\/www.eskimocoop.it\\\/?page_id=18\",\"name\":\"Cooperativa sociale - Cooperativa sociale Eskimo - Infanzia\",\"isPartOf\":{\"@id\":\"https:\\\/\\\/www.eskimocoop.it\\\/#website\"},\"primaryImageOfPage\":{\"@id\":\"https:\\\/\\\/www.eskimocoop.it\\\/?page_id=18#primaryimage\"},\"image\":{\"@id\":\"https:\\\/\\\/www.eskimocoop.it\\\/?page_id=18#primaryimage\"},\"thumbnailUrl\":\"https:\\\/\\\/www.eskimocoop.it\\\/wp-content\\\/uploads\\\/2021\\\/04\\\/gioco.jpg\",\"datePublished\":\"2021-04-24T08:34:53+00:00\",\"dateModified\":\"2021-05-06T06:40:57+00:00\",\"description\":\"La cooperativa sociale Eskimo di Cerreto Guidi in Toscana si occupa tra i servizi di infanzia con progetti e proposte riservate ai ragazzi\",\"breadcrumb\":{\"@id\":\"https:\\\/\\\/www.eskimocoop.it\\\/?page_id=18#breadcrumb\"},\"inLanguage\":\"it-IT\",\"potentialAction\":[{\"@type\":\"ReadAction\",\"target\":[\"https:\\\/\\\/www.eskimocoop.it\\\/?page_id=18\"]}]},{\"@type\":\"ImageObject\",\"inLanguage\":\"it-IT\",\"@id\":\"https:\\\/\\\/www.eskimocoop.it\\\/?page_id=18#primaryimage\",\"url\":\"https:\\\/\\\/www.eskimocoop.it\\\/wp-content\\\/uploads\\\/2021\\\/04\\\/gioco.jpg\",\"contentUrl\":\"https:\\\/\\\/www.eskimocoop.it\\\/wp-content\\\/uploads\\\/2021\\\/04\\\/gioco.jpg\",\"width\":1446,\"height\":523},{\"@type\":\"BreadcrumbList\",\"@id\":\"https:\\\/\\\/www.eskimocoop.it\\\/?page_id=18#breadcrumb\",\"itemListElement\":[{\"@type\":\"ListItem\",\"position\":1,\"name\":\"Home\",\"item\":\"https:\\\/\\\/www.eskimocoop.it\\\/\"},{\"@type\":\"ListItem\",\"position\":2,\"name\":\"MINORI\"}]},{\"@type\":\"WebSite\",\"@id\":\"https:\\\/\\\/www.eskimocoop.it\\\/#website\",\"url\":\"https:\\\/\\\/www.eskimocoop.it\\\/\",\"name\":\"Cooperativa Sociale Eskimo Onlus\",\"description\":\"Cooperativa Eskimo\",\"publisher\":{\"@id\":\"https:\\\/\\\/www.eskimocoop.it\\\/#organization\"},\"potentialAction\":[{\"@type\":\"SearchAction\",\"target\":{\"@type\":\"EntryPoint\",\"urlTemplate\":\"https:\\\/\\\/www.eskimocoop.it\\\/?s={search_term_string}\"},\"query-input\":{\"@type\":\"PropertyValueSpecification\",\"valueRequired\":true,\"valueName\":\"search_term_string\"}}],\"inLanguage\":\"it-IT\"},{\"@type\":\"Organization\",\"@id\":\"https:\\\/\\\/www.eskimocoop.it\\\/#organization\",\"name\":\"Cooperativa Sociale Eskimo Onlus\",\"url\":\"https:\\\/\\\/www.eskimocoop.it\\\/\",\"logo\":{\"@type\":\"ImageObject\",\"inLanguage\":\"it-IT\",\"@id\":\"https:\\\/\\\/www.eskimocoop.it\\\/#\\\/schema\\\/logo\\\/image\\\/\",\"url\":\"https:\\\/\\\/www.eskimocoop.it\\\/wp-content\\\/uploads\\\/2021\\\/04\\\/cropped-eskimo_logo.jpg\",\"contentUrl\":\"https:\\\/\\\/www.eskimocoop.it\\\/wp-content\\\/uploads\\\/2021\\\/04\\\/cropped-eskimo_logo.jpg\",\"width\":1181,\"height\":526,\"caption\":\"Cooperativa Sociale Eskimo Onlus\"},\"image\":{\"@id\":\"https:\\\/\\\/www.eskimocoop.it\\\/#\\\/schema\\\/logo\\\/image\\\/\"},\"sameAs\":[\"https:\\\/\\\/www.facebook.com\\\/Eskimo-Societ\u00e0-Cooperativa-Sociale-1764503417114890\"]}]}<\/script>\n<!-- \/ Yoast SEO plugin. -->","yoast_head_json":{"title":"Cooperativa sociale - Cooperativa sociale Eskimo - Infanzia","description":"La cooperativa sociale Eskimo di Cerreto Guidi in Toscana si occupa tra i servizi di infanzia con progetti e proposte riservate ai ragazzi","robots":{"index":"index","follow":"follow","max-snippet":"max-snippet:-1","max-image-preview":"max-image-preview:large","max-video-preview":"max-video-preview:-1"},"canonical":"https:\/\/www.eskimocoop.it\/?page_id=18","og_locale":"it_IT","og_type":"article","og_title":"Cooperativa sociale - Cooperativa sociale Eskimo - Infanzia","og_description":"La cooperativa sociale Eskimo di Cerreto Guidi in Toscana si occupa tra i servizi di infanzia con progetti e proposte riservate ai ragazzi","og_url":"https:\/\/www.eskimocoop.it\/?page_id=18","og_site_name":"Cooperativa Sociale Eskimo Onlus","article_publisher":"https:\/\/www.facebook.com\/Eskimo-Societ%c3%a0-Cooperativa-Sociale-1764503417114890","article_modified_time":"2021-05-06T06:40:57+00:00","og_image":[{"width":1446,"height":523,"url":"https:\/\/www.eskimocoop.it\/wp-content\/uploads\/2021\/04\/gioco.jpg","type":"image\/jpeg"}],"twitter_card":"summary_large_image","twitter_misc":{"Tempo di lettura stimato":"2 minuti"},"schema":{"@context":"https:\/\/schema.org","@graph":[{"@type":"WebPage","@id":"https:\/\/www.eskimocoop.it\/?page_id=18","url":"https:\/\/www.eskimocoop.it\/?page_id=18","name":"Cooperativa sociale - Cooperativa sociale Eskimo - Infanzia","isPartOf":{"@id":"https:\/\/www.eskimocoop.it\/#website"},"primaryImageOfPage":{"@id":"https:\/\/www.eskimocoop.it\/?page_id=18#primaryimage"},"image":{"@id":"https:\/\/www.eskimocoop.it\/?page_id=18#primaryimage"},"thumbnailUrl":"https:\/\/www.eskimocoop.it\/wp-content\/uploads\/2021\/04\/gioco.jpg","datePublished":"2021-04-24T08:34:53+00:00","dateModified":"2021-05-06T06:40:57+00:00","description":"La cooperativa sociale Eskimo di Cerreto Guidi in Toscana si occupa tra i servizi di infanzia con progetti e proposte riservate ai ragazzi","breadcrumb":{"@id":"https:\/\/www.eskimocoop.it\/?page_id=18#breadcrumb"},"inLanguage":"it-IT","potentialAction":[{"@type":"ReadAction","target":["https:\/\/www.eskimocoop.it\/?page_id=18"]}]},{"@type":"ImageObject","inLanguage":"it-IT","@id":"https:\/\/www.eskimocoop.it\/?page_id=18#primaryimage","url":"https:\/\/www.eskimocoop.it\/wp-content\/uploads\/2021\/04\/gioco.jpg","contentUrl":"https:\/\/www.eskimocoop.it\/wp-content\/uploads\/2021\/04\/gioco.jpg","width":1446,"height":523},{"@type":"BreadcrumbList","@id":"https:\/\/www.eskimocoop.it\/?page_id=18#breadcrumb","itemListElement":[{"@type":"ListItem","position":1,"name":"Home","item":"https:\/\/www.eskimocoop.it\/"},{"@type":"ListItem","position":2,"name":"MINORI"}]},{"@type":"WebSite","@id":"https:\/\/www.eskimocoop.it\/#website","url":"https:\/\/www.eskimocoop.it\/","name":"Cooperativa Sociale Eskimo Onlus","description":"Cooperativa Eskimo","publisher":{"@id":"https:\/\/www.eskimocoop.it\/#organization"},"potentialAction":[{"@type":"SearchAction","target":{"@type":"EntryPoint","urlTemplate":"https:\/\/www.eskimocoop.it\/?s={search_term_string}"},"query-input":{"@type":"PropertyValueSpecification","valueRequired":true,"valueName":"search_term_string"}}],"inLanguage":"it-IT"},{"@type":"Organization","@id":"https:\/\/www.eskimocoop.it\/#organization","name":"Cooperativa Sociale Eskimo Onlus","url":"https:\/\/www.eskimocoop.it\/","logo":{"@type":"ImageObject","inLanguage":"it-IT","@id":"https:\/\/www.eskimocoop.it\/#\/schema\/logo\/image\/","url":"https:\/\/www.eskimocoop.it\/wp-content\/uploads\/2021\/04\/cropped-eskimo_logo.jpg","contentUrl":"https:\/\/www.eskimocoop.it\/wp-content\/uploads\/2021\/04\/cropped-eskimo_logo.jpg","width":1181,"height":526,"caption":"Cooperativa Sociale Eskimo Onlus"},"image":{"@id":"https:\/\/www.eskimocoop.it\/#\/schema\/logo\/image\/"},"sameAs":["https:\/\/www.facebook.com\/Eskimo-Societ\u00e0-Cooperativa-Sociale-1764503417114890"]}]}},"_links":{"self":[{"href":"https:\/\/www.eskimocoop.it\/index.php?rest_route=\/wp\/v2\/pages\/18","targetHints":{"allow":["GET"]}}],"collection":[{"href":"https:\/\/www.eskimocoop.it\/index.php?rest_route=\/wp\/v2\/pages"}],"about":[{"href":"https:\/\/www.eskimocoop.it\/index.php?rest_route=\/wp\/v2\/types\/page"}],"author":[{"embeddable":true,"href":"https:\/\/www.eskimocoop.it\/index.php?rest_route=\/wp\/v2\/users\/1"}],"replies":[{"embeddable":true,"href":"https:\/\/www.eskimocoop.it\/index.php?rest_route=%2Fwp%2Fv2%2Fcomments&post=18"}],"version-history":[{"count":6,"href":"https:\/\/www.eskimocoop.it\/index.php?rest_route=\/wp\/v2\/pages\/18\/revisions"}],"predecessor-version":[{"id":518,"href":"https:\/\/www.eskimocoop.it\/index.php?rest_route=\/wp\/v2\/pages\/18\/revisions\/518"}],"wp:featuredmedia":[{"embeddable":true,"href":"https:\/\/www.eskimocoop.it\/index.php?rest_route=\/wp\/v2\/media\/313"}],"wp:attachment":[{"href":"https:\/\/www.eskimocoop.it\/index.php?rest_route=%2Fwp%2Fv2%2Fmedia&parent=18"}],"curies":[{"name":"wp","href":"https:\/\/api.w.org\/{rel}","templated":true}]}}