{"id":20,"date":"2021-04-24T10:35:10","date_gmt":"2021-04-24T08:35:10","guid":{"rendered":"https:\/\/www.eskimocoop.it\/sitonuovo\/?page_id=20"},"modified":"2021-04-28T11:48:06","modified_gmt":"2021-04-28T09:48:06","slug":"disabili-anziani","status":"publish","type":"page","link":"https:\/\/www.eskimocoop.it\/?page_id=20","title":{"rendered":"DISABILI E ANZIANI"},"content":{"rendered":"\n<figure class=\"wp-block-pullquote\"><blockquote><p>L\u2019handicap di chi \u00e8? Solo di chi guarda, che non sa come rapportarsi con me e il mio deficit. Tutto ci\u00f2 apre una riflessione interessante: il deficit \u00e8 solo mio,            l\u2019handicap coinvolge tutto il contesto intorno a me.<\/p><cite>Franco bombrezzi<\/cite><\/blockquote><\/figure>\n\n\n\n<hr class=\"wp-block-separator\"\/>\n\n\n\n<p class=\"has-large-font-size\"><strong>Rispettare, ascoltare, ricevere<\/strong><\/p>\n\n\n\n<p class=\"has-large-font-size\">Disabili<\/p>\n\n\n\n<p>Eskimo Societ\u00e0 Cooperativa Sociale, che negli anni precedenti al 2005 ha collaborato in stretto rapporto con l&#8217;Associazione Culturale Medicea di Cerreto Guidi, fa patrimonio di un\u2019esperienza pi\u00f9 che decennale nel <strong>sostegno scolastico e nel trasporto di bambini e ragazzi con disabilit\u00e0<\/strong>. Attualmente, i servizi in cui la cooperativa \u00e8 impegnata sono:<\/p>\n\n\n\n<ul class=\"wp-block-list\"><li>\u201cTrasporto e assistenza scolastica di soggetti disabili\u201d del Comune di Cerreto Guidi, come cooperativa candidata da Metropoli Consorzio di Coop Sociali (FI)<\/li><\/ul>\n\n\n\n<ul class=\"wp-block-list\"><li>\u201cAssistenza scolastica per alunni diversamente abili\u201d del Comune di Capraia e Limite.<\/li><\/ul>\n\n\n\n<p>Complessivamente, nei servizi dell\u2019area disabili, sono impegnati 12 operatori con la qualifica di OSA.<\/p>\n\n\n\n<p class=\"has-large-font-size\">Anziani<\/p>\n\n\n\n<p>L\u2019area anziani rappresenta l\u2019anello di congiunzione pi\u00f9 forte tra Eskimo e Associazione Culturale Medicea, grazie al progetto \u201cSorveglianza attiva per anziani fragili\u201d, presente sul territorio da quasi quindici anni. <strong>Il progetto si rivolge agli anziani ancora autosufficienti<\/strong> residenti sul territorio comunale, i quali, a causa dell\u2019avanzare dell\u2019et\u00e0 necessitano di aiuto per fare la spesa, recarsi dal proprio medico di famiglia, andare a riscuotere la pensione o sbrigare altre pratiche di vita quotidiana. Eskimo, in particolare, si occupa del Centro d\u2019ascolto e coordina l\u2019intervento dei volontari dell\u2019associazione nelle diverse attivit\u00e0.<\/p>\n\n\n\n<p>Personale impiegato Eskimo: 1 operatore al Centro d\u2019ascolto<\/p>\n","protected":false},"excerpt":{"rendered":"<p>L\u2019handicap di chi \u00e8? Solo di chi guarda, che non sa come rapportarsi con me e il mio deficit. Tutto ci\u00f2 apre una riflessione interessante: il deficit \u00e8 solo mio, l\u2019handicap coinvolge tutto il contesto intorno a me. Franco bombrezzi Rispettare, ascoltare, ricevere Disabili Eskimo Societ\u00e0 Cooperativa Sociale, che negli &hellip;<\/p>\n","protected":false},"author":1,"featured_media":333,"parent":0,"menu_order":0,"comment_status":"closed","ping_status":"closed","template":"","meta":{"footnotes":""},"class_list":["post-20","page","type-page","status-publish","has-post-thumbnail","hentry"],"yoast_head":"<!-- This site is optimized with the Yoast SEO plugin v27.3 - https:\/\/yoast.com\/product\/yoast-seo-wordpress\/ -->\n<title>DISABILI E ANZIANI - Cooperativa Sociale Eskimo Onlus<\/title>\n<meta name=\"robots\" content=\"index, follow, max-snippet:-1, max-image-preview:large, max-video-preview:-1\" \/>\n<link rel=\"canonical\" href=\"https:\/\/www.eskimocoop.it\/?page_id=20\" \/>\n<meta property=\"og:locale\" content=\"it_IT\" \/>\n<meta property=\"og:type\" content=\"article\" \/>\n<meta property=\"og:title\" content=\"DISABILI E ANZIANI - Cooperativa Sociale Eskimo Onlus\" \/>\n<meta property=\"og:description\" content=\"L\u2019handicap di chi \u00e8? Solo di chi guarda, che non sa come rapportarsi con me e il mio deficit. Tutto ci\u00f2 apre una riflessione interessante: il deficit \u00e8 solo mio, l\u2019handicap coinvolge tutto il contesto intorno a me. Franco bombrezzi Rispettare, ascoltare, ricevere Disabili Eskimo Societ\u00e0 Cooperativa Sociale, che negli &hellip;\" \/>\n<meta property=\"og:url\" content=\"https:\/\/www.eskimocoop.it\/?page_id=20\" \/>\n<meta property=\"og:site_name\" content=\"Cooperativa Sociale Eskimo Onlus\" \/>\n<meta property=\"article:publisher\" content=\"https:\/\/www.facebook.com\/Eskimo-Societ%c3%a0-Cooperativa-Sociale-1764503417114890\" \/>\n<meta property=\"article:modified_time\" content=\"2021-04-28T09:48:06+00:00\" \/>\n<meta property=\"og:image\" content=\"https:\/\/www.eskimocoop.it\/wp-content\/uploads\/2021\/04\/anziani.jpg\" \/>\n\t<meta property=\"og:image:width\" content=\"1446\" \/>\n\t<meta property=\"og:image:height\" content=\"523\" \/>\n\t<meta property=\"og:image:type\" content=\"image\/jpeg\" \/>\n<meta name=\"twitter:card\" content=\"summary_large_image\" \/>\n<meta name=\"twitter:label1\" content=\"Tempo di lettura stimato\" \/>\n\t<meta name=\"twitter:data1\" content=\"2 minuti\" \/>\n<script type=\"application\/ld+json\" class=\"yoast-schema-graph\">{\"@context\":\"https:\\\/\\\/schema.org\",\"@graph\":[{\"@type\":\"WebPage\",\"@id\":\"https:\\\/\\\/www.eskimocoop.it\\\/?page_id=20\",\"url\":\"https:\\\/\\\/www.eskimocoop.it\\\/?page_id=20\",\"name\":\"DISABILI E ANZIANI - Cooperativa Sociale Eskimo Onlus\",\"isPartOf\":{\"@id\":\"https:\\\/\\\/www.eskimocoop.it\\\/#website\"},\"primaryImageOfPage\":{\"@id\":\"https:\\\/\\\/www.eskimocoop.it\\\/?page_id=20#primaryimage\"},\"image\":{\"@id\":\"https:\\\/\\\/www.eskimocoop.it\\\/?page_id=20#primaryimage\"},\"thumbnailUrl\":\"https:\\\/\\\/www.eskimocoop.it\\\/wp-content\\\/uploads\\\/2021\\\/04\\\/anziani.jpg\",\"datePublished\":\"2021-04-24T08:35:10+00:00\",\"dateModified\":\"2021-04-28T09:48:06+00:00\",\"breadcrumb\":{\"@id\":\"https:\\\/\\\/www.eskimocoop.it\\\/?page_id=20#breadcrumb\"},\"inLanguage\":\"it-IT\",\"potentialAction\":[{\"@type\":\"ReadAction\",\"target\":[\"https:\\\/\\\/www.eskimocoop.it\\\/?page_id=20\"]}]},{\"@type\":\"ImageObject\",\"inLanguage\":\"it-IT\",\"@id\":\"https:\\\/\\\/www.eskimocoop.it\\\/?page_id=20#primaryimage\",\"url\":\"https:\\\/\\\/www.eskimocoop.it\\\/wp-content\\\/uploads\\\/2021\\\/04\\\/anziani.jpg\",\"contentUrl\":\"https:\\\/\\\/www.eskimocoop.it\\\/wp-content\\\/uploads\\\/2021\\\/04\\\/anziani.jpg\",\"width\":1446,\"height\":523},{\"@type\":\"BreadcrumbList\",\"@id\":\"https:\\\/\\\/www.eskimocoop.it\\\/?page_id=20#breadcrumb\",\"itemListElement\":[{\"@type\":\"ListItem\",\"position\":1,\"name\":\"Home\",\"item\":\"https:\\\/\\\/www.eskimocoop.it\\\/\"},{\"@type\":\"ListItem\",\"position\":2,\"name\":\"DISABILI E ANZIANI\"}]},{\"@type\":\"WebSite\",\"@id\":\"https:\\\/\\\/www.eskimocoop.it\\\/#website\",\"url\":\"https:\\\/\\\/www.eskimocoop.it\\\/\",\"name\":\"Cooperativa Sociale Eskimo Onlus\",\"description\":\"Cooperativa Eskimo\",\"publisher\":{\"@id\":\"https:\\\/\\\/www.eskimocoop.it\\\/#organization\"},\"potentialAction\":[{\"@type\":\"SearchAction\",\"target\":{\"@type\":\"EntryPoint\",\"urlTemplate\":\"https:\\\/\\\/www.eskimocoop.it\\\/?s={search_term_string}\"},\"query-input\":{\"@type\":\"PropertyValueSpecification\",\"valueRequired\":true,\"valueName\":\"search_term_string\"}}],\"inLanguage\":\"it-IT\"},{\"@type\":\"Organization\",\"@id\":\"https:\\\/\\\/www.eskimocoop.it\\\/#organization\",\"name\":\"Cooperativa Sociale Eskimo Onlus\",\"url\":\"https:\\\/\\\/www.eskimocoop.it\\\/\",\"logo\":{\"@type\":\"ImageObject\",\"inLanguage\":\"it-IT\",\"@id\":\"https:\\\/\\\/www.eskimocoop.it\\\/#\\\/schema\\\/logo\\\/image\\\/\",\"url\":\"https:\\\/\\\/www.eskimocoop.it\\\/wp-content\\\/uploads\\\/2021\\\/04\\\/cropped-eskimo_logo.jpg\",\"contentUrl\":\"https:\\\/\\\/www.eskimocoop.it\\\/wp-content\\\/uploads\\\/2021\\\/04\\\/cropped-eskimo_logo.jpg\",\"width\":1181,\"height\":526,\"caption\":\"Cooperativa Sociale Eskimo Onlus\"},\"image\":{\"@id\":\"https:\\\/\\\/www.eskimocoop.it\\\/#\\\/schema\\\/logo\\\/image\\\/\"},\"sameAs\":[\"https:\\\/\\\/www.facebook.com\\\/Eskimo-Societ\u00e0-Cooperativa-Sociale-1764503417114890\"]}]}<\/script>\n<!-- \/ Yoast SEO plugin. -->","yoast_head_json":{"title":"DISABILI E ANZIANI - Cooperativa Sociale Eskimo Onlus","robots":{"index":"index","follow":"follow","max-snippet":"max-snippet:-1","max-image-preview":"max-image-preview:large","max-video-preview":"max-video-preview:-1"},"canonical":"https:\/\/www.eskimocoop.it\/?page_id=20","og_locale":"it_IT","og_type":"article","og_title":"DISABILI E ANZIANI - Cooperativa Sociale Eskimo Onlus","og_description":"L\u2019handicap di chi \u00e8? Solo di chi guarda, che non sa come rapportarsi con me e il mio deficit. Tutto ci\u00f2 apre una riflessione interessante: il deficit \u00e8 solo mio, l\u2019handicap coinvolge tutto il contesto intorno a me. Franco bombrezzi Rispettare, ascoltare, ricevere Disabili Eskimo Societ\u00e0 Cooperativa Sociale, che negli &hellip;","og_url":"https:\/\/www.eskimocoop.it\/?page_id=20","og_site_name":"Cooperativa Sociale Eskimo Onlus","article_publisher":"https:\/\/www.facebook.com\/Eskimo-Societ%c3%a0-Cooperativa-Sociale-1764503417114890","article_modified_time":"2021-04-28T09:48:06+00:00","og_image":[{"width":1446,"height":523,"url":"https:\/\/www.eskimocoop.it\/wp-content\/uploads\/2021\/04\/anziani.jpg","type":"image\/jpeg"}],"twitter_card":"summary_large_image","twitter_misc":{"Tempo di lettura stimato":"2 minuti"},"schema":{"@context":"https:\/\/schema.org","@graph":[{"@type":"WebPage","@id":"https:\/\/www.eskimocoop.it\/?page_id=20","url":"https:\/\/www.eskimocoop.it\/?page_id=20","name":"DISABILI E ANZIANI - Cooperativa Sociale Eskimo Onlus","isPartOf":{"@id":"https:\/\/www.eskimocoop.it\/#website"},"primaryImageOfPage":{"@id":"https:\/\/www.eskimocoop.it\/?page_id=20#primaryimage"},"image":{"@id":"https:\/\/www.eskimocoop.it\/?page_id=20#primaryimage"},"thumbnailUrl":"https:\/\/www.eskimocoop.it\/wp-content\/uploads\/2021\/04\/anziani.jpg","datePublished":"2021-04-24T08:35:10+00:00","dateModified":"2021-04-28T09:48:06+00:00","breadcrumb":{"@id":"https:\/\/www.eskimocoop.it\/?page_id=20#breadcrumb"},"inLanguage":"it-IT","potentialAction":[{"@type":"ReadAction","target":["https:\/\/www.eskimocoop.it\/?page_id=20"]}]},{"@type":"ImageObject","inLanguage":"it-IT","@id":"https:\/\/www.eskimocoop.it\/?page_id=20#primaryimage","url":"https:\/\/www.eskimocoop.it\/wp-content\/uploads\/2021\/04\/anziani.jpg","contentUrl":"https:\/\/www.eskimocoop.it\/wp-content\/uploads\/2021\/04\/anziani.jpg","width":1446,"height":523},{"@type":"BreadcrumbList","@id":"https:\/\/www.eskimocoop.it\/?page_id=20#breadcrumb","itemListElement":[{"@type":"ListItem","position":1,"name":"Home","item":"https:\/\/www.eskimocoop.it\/"},{"@type":"ListItem","position":2,"name":"DISABILI E ANZIANI"}]},{"@type":"WebSite","@id":"https:\/\/www.eskimocoop.it\/#website","url":"https:\/\/www.eskimocoop.it\/","name":"Cooperativa Sociale Eskimo Onlus","description":"Cooperativa Eskimo","publisher":{"@id":"https:\/\/www.eskimocoop.it\/#organization"},"potentialAction":[{"@type":"SearchAction","target":{"@type":"EntryPoint","urlTemplate":"https:\/\/www.eskimocoop.it\/?s={search_term_string}"},"query-input":{"@type":"PropertyValueSpecification","valueRequired":true,"valueName":"search_term_string"}}],"inLanguage":"it-IT"},{"@type":"Organization","@id":"https:\/\/www.eskimocoop.it\/#organization","name":"Cooperativa Sociale Eskimo Onlus","url":"https:\/\/www.eskimocoop.it\/","logo":{"@type":"ImageObject","inLanguage":"it-IT","@id":"https:\/\/www.eskimocoop.it\/#\/schema\/logo\/image\/","url":"https:\/\/www.eskimocoop.it\/wp-content\/uploads\/2021\/04\/cropped-eskimo_logo.jpg","contentUrl":"https:\/\/www.eskimocoop.it\/wp-content\/uploads\/2021\/04\/cropped-eskimo_logo.jpg","width":1181,"height":526,"caption":"Cooperativa Sociale Eskimo Onlus"},"image":{"@id":"https:\/\/www.eskimocoop.it\/#\/schema\/logo\/image\/"},"sameAs":["https:\/\/www.facebook.com\/Eskimo-Societ\u00e0-Cooperativa-Sociale-1764503417114890"]}]}},"_links":{"self":[{"href":"https:\/\/www.eskimocoop.it\/index.php?rest_route=\/wp\/v2\/pages\/20","targetHints":{"allow":["GET"]}}],"collection":[{"href":"https:\/\/www.eskimocoop.it\/index.php?rest_route=\/wp\/v2\/pages"}],"about":[{"href":"https:\/\/www.eskimocoop.it\/index.php?rest_route=\/wp\/v2\/types\/page"}],"author":[{"embeddable":true,"href":"https:\/\/www.eskimocoop.it\/index.php?rest_route=\/wp\/v2\/users\/1"}],"replies":[{"embeddable":true,"href":"https:\/\/www.eskimocoop.it\/index.php?rest_route=%2Fwp%2Fv2%2Fcomments&post=20"}],"version-history":[{"count":11,"href":"https:\/\/www.eskimocoop.it\/index.php?rest_route=\/wp\/v2\/pages\/20\/revisions"}],"predecessor-version":[{"id":467,"href":"https:\/\/www.eskimocoop.it\/index.php?rest_route=\/wp\/v2\/pages\/20\/revisions\/467"}],"wp:featuredmedia":[{"embeddable":true,"href":"https:\/\/www.eskimocoop.it\/index.php?rest_route=\/wp\/v2\/media\/333"}],"wp:attachment":[{"href":"https:\/\/www.eskimocoop.it\/index.php?rest_route=%2Fwp%2Fv2%2Fmedia&parent=20"}],"curies":[{"name":"wp","href":"https:\/\/api.w.org\/{rel}","templated":true}]}}