{"id":54,"date":"2021-04-24T11:03:08","date_gmt":"2021-04-24T09:03:08","guid":{"rendered":"https:\/\/www.eskimocoop.it\/sitonuovo\/?page_id=54"},"modified":"2021-05-06T08:47:48","modified_gmt":"2021-05-06T06:47:48","slug":"nidi-infanzia","status":"publish","type":"page","link":"https:\/\/www.eskimocoop.it\/?page_id=54","title":{"rendered":"Nidi infanzia"},"content":{"rendered":"\n<h3 class=\"wp-block-heading\">Nido d&#8217;infanzia \u201cPappa e Ciuccio\u201d<\/h3>\n\n\n\n<div class=\"wp-block-image\"><figure class=\"alignright size-large is-resized\"><img loading=\"lazy\" decoding=\"async\" src=\"https:\/\/www.eskimocoop.it\/wp-content\/uploads\/2021\/04\/Asilo-nido-Pappa-e-Ciuccio-1024x768.jpg\" alt=\"\" class=\"wp-image-402\" width=\"432\" height=\"324\" srcset=\"https:\/\/www.eskimocoop.it\/wp-content\/uploads\/2021\/04\/Asilo-nido-Pappa-e-Ciuccio-1024x768.jpg 1024w, https:\/\/www.eskimocoop.it\/wp-content\/uploads\/2021\/04\/Asilo-nido-Pappa-e-Ciuccio-300x225.jpg 300w, https:\/\/www.eskimocoop.it\/wp-content\/uploads\/2021\/04\/Asilo-nido-Pappa-e-Ciuccio-768x576.jpg 768w, https:\/\/www.eskimocoop.it\/wp-content\/uploads\/2021\/04\/Asilo-nido-Pappa-e-Ciuccio-1536x1152.jpg 1536w, https:\/\/www.eskimocoop.it\/wp-content\/uploads\/2021\/04\/Asilo-nido-Pappa-e-Ciuccio-267x200.jpg 267w, https:\/\/www.eskimocoop.it\/wp-content\/uploads\/2021\/04\/Asilo-nido-Pappa-e-Ciuccio.jpg 1600w\" sizes=\"auto, (max-width: 432px) 100vw, 432px\" \/><figcaption>Il nido &#8220;Pappa e Ciuccio&#8221;<\/figcaption><\/figure><\/div>\n\n\n\n<p>Inaugurato nell&#8217;ottobre del 1999, <strong><a href=\"https:\/\/www.facebook.com\/watch\/?v=2618383465100487\">il nido di infanzia &#8220;Pappa e Ciuccio&#8221;<\/a><\/strong> ha sede a Stabbia, nel Comune di Cerreto Guidi, in un plesso scolastico che ospita anche la scuola dell&#8217;infanzia e la scuola primaria. <\/p>\n\n\n\n<p>La struttura accoglie 32 bambini dai 12 ai 36 mesi divisi in 2 gruppi di et\u00e0 eterogenea.<br>Il personale \u00e8 composto da 4 educatrici e 2 operatrici socio-assistenziali.<br><\/p>\n\n\n\n<p>Il servizio \u00e8 aperto da settembre a luglio, dal luned\u00ec al venerd\u00ec e segue un orario giornaliero che va dalle 7.30 alle 16.30.<\/p>\n\n\n\n<p><\/p>\n\n\n\n<p><\/p>\n\n\n\n<p><\/p>\n\n\n\n<h3 class=\"wp-block-heading\">Micronido \u201cIl lupo e il grillo\u201d<\/h3>\n\n\n\n<div class=\"wp-block-image\"><figure class=\"alignleft size-large is-resized\"><img loading=\"lazy\" decoding=\"async\" src=\"https:\/\/www.eskimocoop.it\/wp-content\/uploads\/2021\/04\/micronido-1.jpg\" alt=\"\" class=\"wp-image-410\" width=\"432\" height=\"349\"\/><figcaption>Il nido &#8220;Il Lupo e il Grillo&#8221;<\/figcaption><\/figure><\/div>\n\n\n\n<p>Inaugurato nel dicembre del 2007, <strong>il nido &#8220;Il lupo e il grillo&#8221;<\/strong> ha sede a Bassa, nel Comune di Cerreto Guidi, nel polo scolastico che ospita anche la scuola dell&#8217;infanzia e la scuola primaria<\/p>\n\n\n\n<p>La struttura accoglie 12 bambini dai 12 ai 36 mesi.<br>Il personale \u00e8 composto da 2 educatrici e 1 operatrice socio-assistenziale.<br><\/p>\n\n\n\n<p>Il servizio \u00e8 aperto da settembre a luglio, dal luned\u00ec al venerd\u00ec e segue un orario giornaliero che va dalle 7.30 alle 16.30.<br><br><\/p>\n\n\n\n<h3 class=\"wp-block-heading\"><\/h3>\n\n\n\n<h3 class=\"wp-block-heading\"><\/h3>\n","protected":false},"excerpt":{"rendered":"<p>Nido d&#8217;infanzia \u201cPappa e Ciuccio\u201d Inaugurato nell&#8217;ottobre del 1999, il nido di infanzia &#8220;Pappa e Ciuccio&#8221; ha sede a Stabbia, nel Comune di Cerreto Guidi, in un plesso scolastico che ospita anche la scuola dell&#8217;infanzia e la scuola primaria. La struttura accoglie 32 bambini dai 12 ai 36 mesi divisi &hellip;<\/p>\n","protected":false},"author":1,"featured_media":0,"parent":0,"menu_order":0,"comment_status":"closed","ping_status":"closed","template":"","meta":{"footnotes":""},"class_list":["post-54","page","type-page","status-publish","hentry"],"yoast_head":"<!-- This site is optimized with the Yoast SEO plugin v27.3 - https:\/\/yoast.com\/product\/yoast-seo-wordpress\/ -->\n<title>Nido di infanzia - Cooperativa sociale Eskimo Onlus - Infanzia<\/title>\n<meta name=\"description\" content=\"La gestione degli asili nido di infanzia sono una delle attivit\u00e0 gestite dalla cooperativa Eskimo Onlus di Cerreto Guidi\" \/>\n<meta name=\"robots\" content=\"index, follow, max-snippet:-1, max-image-preview:large, max-video-preview:-1\" \/>\n<link rel=\"canonical\" href=\"https:\/\/www.eskimocoop.it\/?page_id=54\" \/>\n<meta property=\"og:locale\" content=\"it_IT\" \/>\n<meta property=\"og:type\" content=\"article\" \/>\n<meta property=\"og:title\" content=\"Nido di infanzia - Cooperativa sociale Eskimo Onlus - Infanzia\" \/>\n<meta property=\"og:description\" content=\"La gestione degli asili nido di infanzia sono una delle attivit\u00e0 gestite dalla cooperativa Eskimo Onlus di Cerreto Guidi\" \/>\n<meta property=\"og:url\" content=\"https:\/\/www.eskimocoop.it\/?page_id=54\" \/>\n<meta property=\"og:site_name\" content=\"Cooperativa Sociale Eskimo Onlus\" \/>\n<meta property=\"article:publisher\" content=\"https:\/\/www.facebook.com\/Eskimo-Societ%c3%a0-Cooperativa-Sociale-1764503417114890\" \/>\n<meta property=\"article:modified_time\" content=\"2021-05-06T06:47:48+00:00\" \/>\n<meta property=\"og:image\" content=\"https:\/\/www.eskimocoop.it\/wp-content\/uploads\/2021\/04\/Asilo-nido-Pappa-e-Ciuccio-1024x768.jpg\" \/>\n<meta name=\"twitter:card\" content=\"summary_large_image\" \/>\n<meta name=\"twitter:label1\" content=\"Tempo di lettura stimato\" \/>\n\t<meta name=\"twitter:data1\" content=\"2 minuti\" \/>\n<script type=\"application\/ld+json\" class=\"yoast-schema-graph\">{\"@context\":\"https:\\\/\\\/schema.org\",\"@graph\":[{\"@type\":\"WebPage\",\"@id\":\"https:\\\/\\\/www.eskimocoop.it\\\/?page_id=54\",\"url\":\"https:\\\/\\\/www.eskimocoop.it\\\/?page_id=54\",\"name\":\"Nido di infanzia - Cooperativa sociale Eskimo Onlus - Infanzia\",\"isPartOf\":{\"@id\":\"https:\\\/\\\/www.eskimocoop.it\\\/#website\"},\"primaryImageOfPage\":{\"@id\":\"https:\\\/\\\/www.eskimocoop.it\\\/?page_id=54#primaryimage\"},\"image\":{\"@id\":\"https:\\\/\\\/www.eskimocoop.it\\\/?page_id=54#primaryimage\"},\"thumbnailUrl\":\"https:\\\/\\\/www.eskimocoop.it\\\/wp-content\\\/uploads\\\/2021\\\/04\\\/Asilo-nido-Pappa-e-Ciuccio-1024x768.jpg\",\"datePublished\":\"2021-04-24T09:03:08+00:00\",\"dateModified\":\"2021-05-06T06:47:48+00:00\",\"description\":\"La gestione degli asili nido di infanzia sono una delle attivit\u00e0 gestite dalla cooperativa Eskimo Onlus di Cerreto Guidi\",\"breadcrumb\":{\"@id\":\"https:\\\/\\\/www.eskimocoop.it\\\/?page_id=54#breadcrumb\"},\"inLanguage\":\"it-IT\",\"potentialAction\":[{\"@type\":\"ReadAction\",\"target\":[\"https:\\\/\\\/www.eskimocoop.it\\\/?page_id=54\"]}]},{\"@type\":\"ImageObject\",\"inLanguage\":\"it-IT\",\"@id\":\"https:\\\/\\\/www.eskimocoop.it\\\/?page_id=54#primaryimage\",\"url\":\"https:\\\/\\\/www.eskimocoop.it\\\/wp-content\\\/uploads\\\/2021\\\/04\\\/Asilo-nido-Pappa-e-Ciuccio.jpg\",\"contentUrl\":\"https:\\\/\\\/www.eskimocoop.it\\\/wp-content\\\/uploads\\\/2021\\\/04\\\/Asilo-nido-Pappa-e-Ciuccio.jpg\",\"width\":1600,\"height\":1200},{\"@type\":\"BreadcrumbList\",\"@id\":\"https:\\\/\\\/www.eskimocoop.it\\\/?page_id=54#breadcrumb\",\"itemListElement\":[{\"@type\":\"ListItem\",\"position\":1,\"name\":\"Home\",\"item\":\"https:\\\/\\\/www.eskimocoop.it\\\/\"},{\"@type\":\"ListItem\",\"position\":2,\"name\":\"Nidi infanzia\"}]},{\"@type\":\"WebSite\",\"@id\":\"https:\\\/\\\/www.eskimocoop.it\\\/#website\",\"url\":\"https:\\\/\\\/www.eskimocoop.it\\\/\",\"name\":\"Cooperativa Sociale Eskimo Onlus\",\"description\":\"Cooperativa Eskimo\",\"publisher\":{\"@id\":\"https:\\\/\\\/www.eskimocoop.it\\\/#organization\"},\"potentialAction\":[{\"@type\":\"SearchAction\",\"target\":{\"@type\":\"EntryPoint\",\"urlTemplate\":\"https:\\\/\\\/www.eskimocoop.it\\\/?s={search_term_string}\"},\"query-input\":{\"@type\":\"PropertyValueSpecification\",\"valueRequired\":true,\"valueName\":\"search_term_string\"}}],\"inLanguage\":\"it-IT\"},{\"@type\":\"Organization\",\"@id\":\"https:\\\/\\\/www.eskimocoop.it\\\/#organization\",\"name\":\"Cooperativa Sociale Eskimo Onlus\",\"url\":\"https:\\\/\\\/www.eskimocoop.it\\\/\",\"logo\":{\"@type\":\"ImageObject\",\"inLanguage\":\"it-IT\",\"@id\":\"https:\\\/\\\/www.eskimocoop.it\\\/#\\\/schema\\\/logo\\\/image\\\/\",\"url\":\"https:\\\/\\\/www.eskimocoop.it\\\/wp-content\\\/uploads\\\/2021\\\/04\\\/cropped-eskimo_logo.jpg\",\"contentUrl\":\"https:\\\/\\\/www.eskimocoop.it\\\/wp-content\\\/uploads\\\/2021\\\/04\\\/cropped-eskimo_logo.jpg\",\"width\":1181,\"height\":526,\"caption\":\"Cooperativa Sociale Eskimo Onlus\"},\"image\":{\"@id\":\"https:\\\/\\\/www.eskimocoop.it\\\/#\\\/schema\\\/logo\\\/image\\\/\"},\"sameAs\":[\"https:\\\/\\\/www.facebook.com\\\/Eskimo-Societ\u00e0-Cooperativa-Sociale-1764503417114890\"]}]}<\/script>\n<!-- \/ Yoast SEO plugin. -->","yoast_head_json":{"title":"Nido di infanzia - Cooperativa sociale Eskimo Onlus - Infanzia","description":"La gestione degli asili nido di infanzia sono una delle attivit\u00e0 gestite dalla cooperativa Eskimo Onlus di Cerreto Guidi","robots":{"index":"index","follow":"follow","max-snippet":"max-snippet:-1","max-image-preview":"max-image-preview:large","max-video-preview":"max-video-preview:-1"},"canonical":"https:\/\/www.eskimocoop.it\/?page_id=54","og_locale":"it_IT","og_type":"article","og_title":"Nido di infanzia - Cooperativa sociale Eskimo Onlus - Infanzia","og_description":"La gestione degli asili nido di infanzia sono una delle attivit\u00e0 gestite dalla cooperativa Eskimo Onlus di Cerreto Guidi","og_url":"https:\/\/www.eskimocoop.it\/?page_id=54","og_site_name":"Cooperativa Sociale Eskimo Onlus","article_publisher":"https:\/\/www.facebook.com\/Eskimo-Societ%c3%a0-Cooperativa-Sociale-1764503417114890","article_modified_time":"2021-05-06T06:47:48+00:00","og_image":[{"url":"https:\/\/www.eskimocoop.it\/wp-content\/uploads\/2021\/04\/Asilo-nido-Pappa-e-Ciuccio-1024x768.jpg","type":"","width":"","height":""}],"twitter_card":"summary_large_image","twitter_misc":{"Tempo di lettura stimato":"2 minuti"},"schema":{"@context":"https:\/\/schema.org","@graph":[{"@type":"WebPage","@id":"https:\/\/www.eskimocoop.it\/?page_id=54","url":"https:\/\/www.eskimocoop.it\/?page_id=54","name":"Nido di infanzia - Cooperativa sociale Eskimo Onlus - Infanzia","isPartOf":{"@id":"https:\/\/www.eskimocoop.it\/#website"},"primaryImageOfPage":{"@id":"https:\/\/www.eskimocoop.it\/?page_id=54#primaryimage"},"image":{"@id":"https:\/\/www.eskimocoop.it\/?page_id=54#primaryimage"},"thumbnailUrl":"https:\/\/www.eskimocoop.it\/wp-content\/uploads\/2021\/04\/Asilo-nido-Pappa-e-Ciuccio-1024x768.jpg","datePublished":"2021-04-24T09:03:08+00:00","dateModified":"2021-05-06T06:47:48+00:00","description":"La gestione degli asili nido di infanzia sono una delle attivit\u00e0 gestite dalla cooperativa Eskimo Onlus di Cerreto Guidi","breadcrumb":{"@id":"https:\/\/www.eskimocoop.it\/?page_id=54#breadcrumb"},"inLanguage":"it-IT","potentialAction":[{"@type":"ReadAction","target":["https:\/\/www.eskimocoop.it\/?page_id=54"]}]},{"@type":"ImageObject","inLanguage":"it-IT","@id":"https:\/\/www.eskimocoop.it\/?page_id=54#primaryimage","url":"https:\/\/www.eskimocoop.it\/wp-content\/uploads\/2021\/04\/Asilo-nido-Pappa-e-Ciuccio.jpg","contentUrl":"https:\/\/www.eskimocoop.it\/wp-content\/uploads\/2021\/04\/Asilo-nido-Pappa-e-Ciuccio.jpg","width":1600,"height":1200},{"@type":"BreadcrumbList","@id":"https:\/\/www.eskimocoop.it\/?page_id=54#breadcrumb","itemListElement":[{"@type":"ListItem","position":1,"name":"Home","item":"https:\/\/www.eskimocoop.it\/"},{"@type":"ListItem","position":2,"name":"Nidi infanzia"}]},{"@type":"WebSite","@id":"https:\/\/www.eskimocoop.it\/#website","url":"https:\/\/www.eskimocoop.it\/","name":"Cooperativa Sociale Eskimo Onlus","description":"Cooperativa Eskimo","publisher":{"@id":"https:\/\/www.eskimocoop.it\/#organization"},"potentialAction":[{"@type":"SearchAction","target":{"@type":"EntryPoint","urlTemplate":"https:\/\/www.eskimocoop.it\/?s={search_term_string}"},"query-input":{"@type":"PropertyValueSpecification","valueRequired":true,"valueName":"search_term_string"}}],"inLanguage":"it-IT"},{"@type":"Organization","@id":"https:\/\/www.eskimocoop.it\/#organization","name":"Cooperativa Sociale Eskimo Onlus","url":"https:\/\/www.eskimocoop.it\/","logo":{"@type":"ImageObject","inLanguage":"it-IT","@id":"https:\/\/www.eskimocoop.it\/#\/schema\/logo\/image\/","url":"https:\/\/www.eskimocoop.it\/wp-content\/uploads\/2021\/04\/cropped-eskimo_logo.jpg","contentUrl":"https:\/\/www.eskimocoop.it\/wp-content\/uploads\/2021\/04\/cropped-eskimo_logo.jpg","width":1181,"height":526,"caption":"Cooperativa Sociale Eskimo Onlus"},"image":{"@id":"https:\/\/www.eskimocoop.it\/#\/schema\/logo\/image\/"},"sameAs":["https:\/\/www.facebook.com\/Eskimo-Societ\u00e0-Cooperativa-Sociale-1764503417114890"]}]}},"_links":{"self":[{"href":"https:\/\/www.eskimocoop.it\/index.php?rest_route=\/wp\/v2\/pages\/54","targetHints":{"allow":["GET"]}}],"collection":[{"href":"https:\/\/www.eskimocoop.it\/index.php?rest_route=\/wp\/v2\/pages"}],"about":[{"href":"https:\/\/www.eskimocoop.it\/index.php?rest_route=\/wp\/v2\/types\/page"}],"author":[{"embeddable":true,"href":"https:\/\/www.eskimocoop.it\/index.php?rest_route=\/wp\/v2\/users\/1"}],"replies":[{"embeddable":true,"href":"https:\/\/www.eskimocoop.it\/index.php?rest_route=%2Fwp%2Fv2%2Fcomments&post=54"}],"version-history":[{"count":13,"href":"https:\/\/www.eskimocoop.it\/index.php?rest_route=\/wp\/v2\/pages\/54\/revisions"}],"predecessor-version":[{"id":520,"href":"https:\/\/www.eskimocoop.it\/index.php?rest_route=\/wp\/v2\/pages\/54\/revisions\/520"}],"wp:attachment":[{"href":"https:\/\/www.eskimocoop.it\/index.php?rest_route=%2Fwp%2Fv2%2Fmedia&parent=54"}],"curies":[{"name":"wp","href":"https:\/\/api.w.org\/{rel}","templated":true}]}}