{"id":60,"date":"2021-04-24T11:07:27","date_gmt":"2021-04-24T09:07:27","guid":{"rendered":"https:\/\/www.eskimocoop.it\/sitonuovo\/?page_id=60"},"modified":"2021-05-06T08:51:47","modified_gmt":"2021-05-06T06:51:47","slug":"ciaf","status":"publish","type":"page","link":"https:\/\/www.eskimocoop.it\/?page_id=60","title":{"rendered":"Ciaf"},"content":{"rendered":"\n<h3 class=\"wp-block-heading\">Ciaf \u201cLivio Lensi\u201d<\/h3>\n\n\n\n<p><strong>Il Ciaf &#8220;Livio Lensi&#8221;<\/strong> ha sede nei locali della Palestrina di Lazzeretto, in via 2 settembre n.62. \u00c8 rivolto a bambini e ragazzi dai 6 ai 18 anni. La giornata tipo, nella sua organizzazione, dipende dal periodo in cui si svolge l\u2019attivit\u00e0:<\/p>\n\n\n\n<p>Periodo scolastico: il Ciaf \u00e8 aperto dal luned\u00ec al venerd\u00ec, con un orario di 20 ore complessive, dedicate ad attivit\u00e0 di sostegno scolastico e ludico-ricreative.<\/p>\n\n\n\n<p>Periodo estivo: il Ciaf \u00e8 aperto dal luned\u00ec al venerd\u00ec, dalle ore 8.30 alle ore 13.00. Sono previste attivit\u00e0 prevalentemente ricreative, come gite, attivit\u00e0 sportive e culturali.<\/p>\n\n\n\n<p>Il personale \u00e8 cos\u00ec composto:<\/p>\n\n\n\n<p>periodo scolastico: 2 educatrici<\/p>\n\n\n\n<p>periodo estivo: il personale varia in relazione alle iscrizioni con un rapporto di 1 educatrice ogni 15 ragazzi.<\/p>\n\n\n\n<p>\u201cCentro Aggregazione Giovanile CAG\u201d, in partenariato con Associazione Agrado del comune di Vinci. Il servizio \u00e8 rivolto a giovani, anche maggiorenni, e svolge attivit\u00e0 ricreative e culturali. Eskimo, in maniera particolare, ne cura le procedure attinenti alla certificazione di qualit\u00e0, con l\u2019impiego di un lavoratore qualificato.<\/p>\n\n\n\n<p><\/p>\n\n\n\n<h3 class=\"wp-block-heading\">Ciaf \u201cwww. Parole a Colori.it\u201d<\/h3>\n\n\n\n<p><strong>Il Ciaf &#8220;www.ParoleaColori.it&#8221;<\/strong> \u00e8 stato inaugurato nel 2003, ha sede nei locali del Circolo XXIII agosto di Stabbia in via Provinciale Francesca 108. \u00c8 rivolto a bambini e ragazzi dai 6 ai 18 anni. La giornata tipo, nella sua organizzazione, dipende dal periodo in cui si svolge l\u2019attivit\u00e0:<\/p>\n\n\n\n<p><em>Periodo scolastico<\/em>: il Ciaf \u00e8 aperto dal luned\u00ec al venerd\u00ec, con un orario di 20 ore complessive, dedicate ad attivit\u00e0 di sostegno scolastico e ludico-ricreative.<\/p>\n\n\n\n<p><em>Periodo estivo<\/em>: il Ciaf \u00e8 aperto dal luned\u00ec al venerd\u00ec, dalle ore 8.30 alle ore 13.00. Sono previste attivit\u00e0 prevalentemente ricreative, come gite, attivit\u00e0 sportive e culturali.<\/p>\n\n\n\n<p>Il personale \u00e8 cos\u00ec composto:<\/p>\n\n\n\n<p>periodo scolastico: 2 educatrici<\/p>\n\n\n\n<p>periodo estivo: il personale varia in relazione alle iscrizioni con un rapporto di 1 educatrice ogni 15 ragazzi.<\/p>\n\n\n\n<h3 class=\"wp-block-heading\">Centri estivi<\/h3>\n\n\n\n<p>Eskimo gestisce le attivit\u00e0 estive dal 2006 per alcuni comuni della provincia di Firenze e di Pistoia. Adatta il proprio modello progettuale ai contesti territoriali valorizzandone gli aspetti culturali specifici con la scelta di attivit\u00e0 a tema e collaborando con le diverse associazioni che vi operano. Le attivit\u00e0 ricreative del centro estivo rappresentano una valida alternativa locale al tempo-vacanza, quando i genitori sono ancora impegnati nel lavoro. Nel corso degli anni, Eskimo ha organizzato, in maniera ricorsiva, i centri estivi per i comuni di: Cerreto Guidi, Capraia e Limite, Larciano, Monsummano. I centri estivi sono organizzati per diverse fasce di et\u00e0 (scuola dell\u2019infanzia, primaria e secondaria di primo grado) e con una progettualit\u00e0 che si rinnova di anno in anno, incentrandosi soprattutto su metodologie didattiche attive e laboratoriali. Vengono privilegiate attivit\u00e0 all\u2019aperto, sia ricreative che sportive, gite, visite a musei e partecipazioni a iniziative culturali di vario genere.<\/p>\n\n\n\n<p>Personale impiegato nei centri estivi: 15 operatori<\/p>\n\n\n\n<h3 class=\"wp-block-heading\">Servizi accessori alla scuola<\/h3>\n\n\n\n<p>Eskimo si occupa di vari servizi funzionali e integrativi all\u2019organizzazione scolastica in diversi istituti della provincia di Firenze e Pistoia. Ognuno di essi pu\u00f2 essere considerato a pieno titolo un progetto che ha un\u2019efficace ricaduta non solo per il buon funzionamento della scuola, ma anche di agevolazione per i tempi della famiglia. Caratterizzati da una complessa segmentazione oraria, questi servizi necessitano di un coordinamento dedicato e continuo. L\u2019intervento non si riduce alla semplice funzionalit\u00e0 (accompagnamento degli alunni, attesa dell\u2019inizio delle lezioni) ma ricerca sempre una qualit\u00e0 educativa della relazione e trasforma in tempo vivo una consuetudine quotidiana. Il \u201cServizio di assistenza e vigilanza degli alunni a bordo dello scuolabus e accompagnamento\u201d e il \u201cServizio di entrata anticipata (pre-scuola)\u201d vengono organizzati nel comune di Capraia e Limite, di Vinci, di Monsummano, per i vari istituti di scuola dell\u2019infanzia, primaria e secondaria di primo grado.<\/p>\n\n\n\n<p>Personale impiegato nei servizi accessori alla scuola: 10 operatori<\/p>\n","protected":false},"excerpt":{"rendered":"<p>Ciaf \u201cLivio Lensi\u201d Il Ciaf &#8220;Livio Lensi&#8221; ha sede nei locali della Palestrina di Lazzeretto, in via 2 settembre n.62. \u00c8 rivolto a bambini e ragazzi dai 6 ai 18 anni. La giornata tipo, nella sua organizzazione, dipende dal periodo in cui si svolge l\u2019attivit\u00e0: Periodo scolastico: il Ciaf \u00e8 &hellip;<\/p>\n","protected":false},"author":1,"featured_media":0,"parent":18,"menu_order":0,"comment_status":"closed","ping_status":"closed","template":"","meta":{"footnotes":""},"class_list":["post-60","page","type-page","status-publish","hentry"],"yoast_head":"<!-- This site is optimized with the Yoast SEO plugin v27.3 - https:\/\/yoast.com\/product\/yoast-seo-wordpress\/ -->\n<title>Ciaf - Cooperativa sociale Eskimo Onlus - Gestione Ciaf<\/title>\n<meta name=\"description\" content=\"La cooperativa sociale Eskimo Onlus di Cerreto Guidi in Toscana ha tra i suoi servizi la gestione di alcuni Ciaf de territorio\" \/>\n<meta name=\"robots\" content=\"index, follow, max-snippet:-1, max-image-preview:large, max-video-preview:-1\" \/>\n<link rel=\"canonical\" href=\"https:\/\/www.eskimocoop.it\/?page_id=60\" \/>\n<meta property=\"og:locale\" content=\"it_IT\" \/>\n<meta property=\"og:type\" content=\"article\" \/>\n<meta property=\"og:title\" content=\"Ciaf - Cooperativa sociale Eskimo Onlus - Gestione Ciaf\" \/>\n<meta property=\"og:description\" content=\"La cooperativa sociale Eskimo Onlus di Cerreto Guidi in Toscana ha tra i suoi servizi la gestione di alcuni Ciaf de territorio\" \/>\n<meta property=\"og:url\" content=\"https:\/\/www.eskimocoop.it\/?page_id=60\" \/>\n<meta property=\"og:site_name\" content=\"Cooperativa Sociale Eskimo Onlus\" \/>\n<meta property=\"article:publisher\" content=\"https:\/\/www.facebook.com\/Eskimo-Societ%c3%a0-Cooperativa-Sociale-1764503417114890\" \/>\n<meta property=\"article:modified_time\" content=\"2021-05-06T06:51:47+00:00\" \/>\n<meta property=\"og:image\" content=\"https:\/\/www.eskimocoop.it\/wp-content\/uploads\/2021\/04\/eskimo_logo.jpg\" \/>\n\t<meta property=\"og:image:width\" content=\"1181\" \/>\n\t<meta property=\"og:image:height\" content=\"526\" \/>\n\t<meta property=\"og:image:type\" content=\"image\/jpeg\" \/>\n<meta name=\"twitter:card\" content=\"summary_large_image\" \/>\n<meta name=\"twitter:label1\" content=\"Tempo di lettura stimato\" \/>\n\t<meta name=\"twitter:data1\" content=\"3 minuti\" \/>\n<script type=\"application\/ld+json\" class=\"yoast-schema-graph\">{\"@context\":\"https:\\\/\\\/schema.org\",\"@graph\":[{\"@type\":\"WebPage\",\"@id\":\"https:\\\/\\\/www.eskimocoop.it\\\/?page_id=60\",\"url\":\"https:\\\/\\\/www.eskimocoop.it\\\/?page_id=60\",\"name\":\"Ciaf - Cooperativa sociale Eskimo Onlus - Gestione Ciaf\",\"isPartOf\":{\"@id\":\"https:\\\/\\\/www.eskimocoop.it\\\/#website\"},\"datePublished\":\"2021-04-24T09:07:27+00:00\",\"dateModified\":\"2021-05-06T06:51:47+00:00\",\"description\":\"La cooperativa sociale Eskimo Onlus di Cerreto Guidi in Toscana ha tra i suoi servizi la gestione di alcuni Ciaf de territorio\",\"breadcrumb\":{\"@id\":\"https:\\\/\\\/www.eskimocoop.it\\\/?page_id=60#breadcrumb\"},\"inLanguage\":\"it-IT\",\"potentialAction\":[{\"@type\":\"ReadAction\",\"target\":[\"https:\\\/\\\/www.eskimocoop.it\\\/?page_id=60\"]}]},{\"@type\":\"BreadcrumbList\",\"@id\":\"https:\\\/\\\/www.eskimocoop.it\\\/?page_id=60#breadcrumb\",\"itemListElement\":[{\"@type\":\"ListItem\",\"position\":1,\"name\":\"Home\",\"item\":\"https:\\\/\\\/www.eskimocoop.it\\\/\"},{\"@type\":\"ListItem\",\"position\":2,\"name\":\"MINORI\",\"item\":\"https:\\\/\\\/www.eskimocoop.it\\\/?page_id=18\"},{\"@type\":\"ListItem\",\"position\":3,\"name\":\"Ciaf\"}]},{\"@type\":\"WebSite\",\"@id\":\"https:\\\/\\\/www.eskimocoop.it\\\/#website\",\"url\":\"https:\\\/\\\/www.eskimocoop.it\\\/\",\"name\":\"Cooperativa Sociale Eskimo Onlus\",\"description\":\"Cooperativa Eskimo\",\"publisher\":{\"@id\":\"https:\\\/\\\/www.eskimocoop.it\\\/#organization\"},\"potentialAction\":[{\"@type\":\"SearchAction\",\"target\":{\"@type\":\"EntryPoint\",\"urlTemplate\":\"https:\\\/\\\/www.eskimocoop.it\\\/?s={search_term_string}\"},\"query-input\":{\"@type\":\"PropertyValueSpecification\",\"valueRequired\":true,\"valueName\":\"search_term_string\"}}],\"inLanguage\":\"it-IT\"},{\"@type\":\"Organization\",\"@id\":\"https:\\\/\\\/www.eskimocoop.it\\\/#organization\",\"name\":\"Cooperativa Sociale Eskimo Onlus\",\"url\":\"https:\\\/\\\/www.eskimocoop.it\\\/\",\"logo\":{\"@type\":\"ImageObject\",\"inLanguage\":\"it-IT\",\"@id\":\"https:\\\/\\\/www.eskimocoop.it\\\/#\\\/schema\\\/logo\\\/image\\\/\",\"url\":\"https:\\\/\\\/www.eskimocoop.it\\\/wp-content\\\/uploads\\\/2021\\\/04\\\/cropped-eskimo_logo.jpg\",\"contentUrl\":\"https:\\\/\\\/www.eskimocoop.it\\\/wp-content\\\/uploads\\\/2021\\\/04\\\/cropped-eskimo_logo.jpg\",\"width\":1181,\"height\":526,\"caption\":\"Cooperativa Sociale Eskimo Onlus\"},\"image\":{\"@id\":\"https:\\\/\\\/www.eskimocoop.it\\\/#\\\/schema\\\/logo\\\/image\\\/\"},\"sameAs\":[\"https:\\\/\\\/www.facebook.com\\\/Eskimo-Societ\u00e0-Cooperativa-Sociale-1764503417114890\"]}]}<\/script>\n<!-- \/ Yoast SEO plugin. -->","yoast_head_json":{"title":"Ciaf - Cooperativa sociale Eskimo Onlus - Gestione Ciaf","description":"La cooperativa sociale Eskimo Onlus di Cerreto Guidi in Toscana ha tra i suoi servizi la gestione di alcuni Ciaf de territorio","robots":{"index":"index","follow":"follow","max-snippet":"max-snippet:-1","max-image-preview":"max-image-preview:large","max-video-preview":"max-video-preview:-1"},"canonical":"https:\/\/www.eskimocoop.it\/?page_id=60","og_locale":"it_IT","og_type":"article","og_title":"Ciaf - Cooperativa sociale Eskimo Onlus - Gestione Ciaf","og_description":"La cooperativa sociale Eskimo Onlus di Cerreto Guidi in Toscana ha tra i suoi servizi la gestione di alcuni Ciaf de territorio","og_url":"https:\/\/www.eskimocoop.it\/?page_id=60","og_site_name":"Cooperativa Sociale Eskimo Onlus","article_publisher":"https:\/\/www.facebook.com\/Eskimo-Societ%c3%a0-Cooperativa-Sociale-1764503417114890","article_modified_time":"2021-05-06T06:51:47+00:00","og_image":[{"width":1181,"height":526,"url":"https:\/\/www.eskimocoop.it\/wp-content\/uploads\/2021\/04\/eskimo_logo.jpg","type":"image\/jpeg"}],"twitter_card":"summary_large_image","twitter_misc":{"Tempo di lettura stimato":"3 minuti"},"schema":{"@context":"https:\/\/schema.org","@graph":[{"@type":"WebPage","@id":"https:\/\/www.eskimocoop.it\/?page_id=60","url":"https:\/\/www.eskimocoop.it\/?page_id=60","name":"Ciaf - Cooperativa sociale Eskimo Onlus - Gestione Ciaf","isPartOf":{"@id":"https:\/\/www.eskimocoop.it\/#website"},"datePublished":"2021-04-24T09:07:27+00:00","dateModified":"2021-05-06T06:51:47+00:00","description":"La cooperativa sociale Eskimo Onlus di Cerreto Guidi in Toscana ha tra i suoi servizi la gestione di alcuni Ciaf de territorio","breadcrumb":{"@id":"https:\/\/www.eskimocoop.it\/?page_id=60#breadcrumb"},"inLanguage":"it-IT","potentialAction":[{"@type":"ReadAction","target":["https:\/\/www.eskimocoop.it\/?page_id=60"]}]},{"@type":"BreadcrumbList","@id":"https:\/\/www.eskimocoop.it\/?page_id=60#breadcrumb","itemListElement":[{"@type":"ListItem","position":1,"name":"Home","item":"https:\/\/www.eskimocoop.it\/"},{"@type":"ListItem","position":2,"name":"MINORI","item":"https:\/\/www.eskimocoop.it\/?page_id=18"},{"@type":"ListItem","position":3,"name":"Ciaf"}]},{"@type":"WebSite","@id":"https:\/\/www.eskimocoop.it\/#website","url":"https:\/\/www.eskimocoop.it\/","name":"Cooperativa Sociale Eskimo Onlus","description":"Cooperativa Eskimo","publisher":{"@id":"https:\/\/www.eskimocoop.it\/#organization"},"potentialAction":[{"@type":"SearchAction","target":{"@type":"EntryPoint","urlTemplate":"https:\/\/www.eskimocoop.it\/?s={search_term_string}"},"query-input":{"@type":"PropertyValueSpecification","valueRequired":true,"valueName":"search_term_string"}}],"inLanguage":"it-IT"},{"@type":"Organization","@id":"https:\/\/www.eskimocoop.it\/#organization","name":"Cooperativa Sociale Eskimo Onlus","url":"https:\/\/www.eskimocoop.it\/","logo":{"@type":"ImageObject","inLanguage":"it-IT","@id":"https:\/\/www.eskimocoop.it\/#\/schema\/logo\/image\/","url":"https:\/\/www.eskimocoop.it\/wp-content\/uploads\/2021\/04\/cropped-eskimo_logo.jpg","contentUrl":"https:\/\/www.eskimocoop.it\/wp-content\/uploads\/2021\/04\/cropped-eskimo_logo.jpg","width":1181,"height":526,"caption":"Cooperativa Sociale Eskimo Onlus"},"image":{"@id":"https:\/\/www.eskimocoop.it\/#\/schema\/logo\/image\/"},"sameAs":["https:\/\/www.facebook.com\/Eskimo-Societ\u00e0-Cooperativa-Sociale-1764503417114890"]}]}},"_links":{"self":[{"href":"https:\/\/www.eskimocoop.it\/index.php?rest_route=\/wp\/v2\/pages\/60","targetHints":{"allow":["GET"]}}],"collection":[{"href":"https:\/\/www.eskimocoop.it\/index.php?rest_route=\/wp\/v2\/pages"}],"about":[{"href":"https:\/\/www.eskimocoop.it\/index.php?rest_route=\/wp\/v2\/types\/page"}],"author":[{"embeddable":true,"href":"https:\/\/www.eskimocoop.it\/index.php?rest_route=\/wp\/v2\/users\/1"}],"replies":[{"embeddable":true,"href":"https:\/\/www.eskimocoop.it\/index.php?rest_route=%2Fwp%2Fv2%2Fcomments&post=60"}],"version-history":[{"count":11,"href":"https:\/\/www.eskimocoop.it\/index.php?rest_route=\/wp\/v2\/pages\/60\/revisions"}],"predecessor-version":[{"id":381,"href":"https:\/\/www.eskimocoop.it\/index.php?rest_route=\/wp\/v2\/pages\/60\/revisions\/381"}],"up":[{"embeddable":true,"href":"https:\/\/www.eskimocoop.it\/index.php?rest_route=\/wp\/v2\/pages\/18"}],"wp:attachment":[{"href":"https:\/\/www.eskimocoop.it\/index.php?rest_route=%2Fwp%2Fv2%2Fmedia&parent=60"}],"curies":[{"name":"wp","href":"https:\/\/api.w.org\/{rel}","templated":true}]}}