{"id":62,"date":"2021-04-24T11:07:43","date_gmt":"2021-04-24T09:07:43","guid":{"rendered":"https:\/\/www.eskimocoop.it\/sitonuovo\/?page_id=62"},"modified":"2021-04-27T12:41:35","modified_gmt":"2021-04-27T10:41:35","slug":"centro-gioco-educativo","status":"publish","type":"page","link":"https:\/\/www.eskimocoop.it\/?page_id=62","title":{"rendered":"Centro gioco educativo"},"content":{"rendered":"\n<h3 class=\"wp-block-heading\">Centro gioco educativo \u201cTrovamici\u201d<\/h3>\n\n\n\n<div class=\"wp-block-image\"><figure class=\"alignright size-large is-resized\"><img loading=\"lazy\" decoding=\"async\" src=\"https:\/\/www.eskimocoop.it\/wp-content\/uploads\/2021\/04\/trovamici_pomeriggio-ok-1-1.jpg\" alt=\"\" class=\"wp-image-388\" width=\"580\" height=\"435\" srcset=\"https:\/\/www.eskimocoop.it\/wp-content\/uploads\/2021\/04\/trovamici_pomeriggio-ok-1-1.jpg 800w, https:\/\/www.eskimocoop.it\/wp-content\/uploads\/2021\/04\/trovamici_pomeriggio-ok-1-1-300x225.jpg 300w, https:\/\/www.eskimocoop.it\/wp-content\/uploads\/2021\/04\/trovamici_pomeriggio-ok-1-1-768x576.jpg 768w, https:\/\/www.eskimocoop.it\/wp-content\/uploads\/2021\/04\/trovamici_pomeriggio-ok-1-1-267x200.jpg 267w\" sizes=\"auto, (max-width: 580px) 100vw, 580px\" \/><figcaption>Il Centro Trovamici<\/figcaption><\/figure><\/div>\n\n\n\n<p><strong>Il Trovamici <\/strong>ha sede in Empoli, in Largo della Resistenza 2. \u00c8 uno spazio ludico che presta massima attenzione ai tempi di ciascun bambino, per favorire lo sviluppo e il potenziamento delle capacit\u00e0 creative e dare l&#8217;occasione di conoscere e di sperimentare attivit\u00e0 divertenti.<\/p>\n\n\n\n<p>Al Trovamici nel pomeriggio i bambini, suddivisi in piccoli gruppi, sia di et\u00e0 eterogenea che omogenea, sono guidati dalle educatrici in attivit\u00e0 esperienziali specifiche come i laboratori di ceramica, falegnameria, informatica, pittura, scultura, teatro dei burattini, giochi motori di gruppo.<br>Al personale educativo sono affiancati esperti esterni che arricchiscono le esperienze vissute giornalmente dai bambini.<br> Eskimo \u00e8 titolare del servizio dal 2008, dal 2014 in A.T.I. con Co&amp;So Empoli e Associazione Culturale Il Ponte.<\/p>\n\n\n\n<h3 class=\"wp-block-heading\">Centro gioco educativo \u201cVilla Reghini\u201d<\/h3>\n\n\n\n<div class=\"wp-block-image\"><figure class=\"alignleft size-large is-resized\"><img loading=\"lazy\" decoding=\"async\" src=\"https:\/\/www.eskimocoop.it\/wp-content\/uploads\/2021\/04\/villa-reghini.jpg\" alt=\"\" class=\"wp-image-397\" width=\"580\" height=\"453\"\/><figcaption>Villa Reghini<\/figcaption><\/figure><\/div>\n\n\n\n<p><strong>Villa Reghini<\/strong> ha sede a Sovigliana di Vinci in un palazzo storico restaurato dal Comune, dove, oltre alla Biblioteca Comunale, il piano terra e il secondo piano sono stati adibiti a spazi educativi. Al pomeriggio al Ciaf i bambini suddivisi in piccoli gruppi, sia di et\u00e0 eterogenea che omogenea, sono guidati dalle educatrici in attivit\u00e0 esperienziali specifiche come i laboratori di ceramica, pittura, scultura, teatro dei burattini, giochi motori di gruppo, letture animate.<\/p>\n\n\n\n<p>Il servizio \u00e0 aperto dalle ore 16,00 alle ore 19,00, da settembre a giugno, dal luned\u00ec al venerd\u00ec. Nella fascia di apertura i genitori possono accompagnare e riprendere il proprio bambino a seconda delle loro necessit\u00e0. Al personale educativo sono affiancati esperti esterni che arricchiscono le esperienze vissute giornalmente dai bambini.<\/p>\n\n\n\n<h3 class=\"wp-block-heading\"><\/h3>\n","protected":false},"excerpt":{"rendered":"<p>Centro gioco educativo \u201cTrovamici\u201d Il Trovamici ha sede in Empoli, in Largo della Resistenza 2. \u00c8 uno spazio ludico che presta massima attenzione ai tempi di ciascun bambino, per favorire lo sviluppo e il potenziamento delle capacit\u00e0 creative e dare l&#8217;occasione di conoscere e di sperimentare attivit\u00e0 divertenti. Al Trovamici &hellip;<\/p>\n","protected":false},"author":1,"featured_media":0,"parent":0,"menu_order":0,"comment_status":"closed","ping_status":"closed","template":"","meta":{"footnotes":""},"class_list":["post-62","page","type-page","status-publish","hentry"],"yoast_head":"<!-- This site is optimized with the Yoast SEO plugin v27.3 - https:\/\/yoast.com\/product\/yoast-seo-wordpress\/ -->\n<title>Centro gioco educativo - Cooperativa Sociale Eskimo Onlus<\/title>\n<meta name=\"robots\" content=\"index, follow, max-snippet:-1, max-image-preview:large, max-video-preview:-1\" \/>\n<link rel=\"canonical\" href=\"https:\/\/www.eskimocoop.it\/?page_id=62\" \/>\n<meta property=\"og:locale\" content=\"it_IT\" \/>\n<meta property=\"og:type\" content=\"article\" \/>\n<meta property=\"og:title\" content=\"Centro gioco educativo - Cooperativa Sociale Eskimo Onlus\" \/>\n<meta property=\"og:description\" content=\"Centro gioco educativo \u201cTrovamici\u201d Il Trovamici ha sede in Empoli, in Largo della Resistenza 2. \u00c8 uno spazio ludico che presta massima attenzione ai tempi di ciascun bambino, per favorire lo sviluppo e il potenziamento delle capacit\u00e0 creative e dare l&#8217;occasione di conoscere e di sperimentare attivit\u00e0 divertenti. Al Trovamici &hellip;\" \/>\n<meta property=\"og:url\" content=\"https:\/\/www.eskimocoop.it\/?page_id=62\" \/>\n<meta property=\"og:site_name\" content=\"Cooperativa Sociale Eskimo Onlus\" \/>\n<meta property=\"article:publisher\" content=\"https:\/\/www.facebook.com\/Eskimo-Societ%c3%a0-Cooperativa-Sociale-1764503417114890\" \/>\n<meta property=\"article:modified_time\" content=\"2021-04-27T10:41:35+00:00\" \/>\n<meta property=\"og:image\" content=\"https:\/\/www.eskimocoop.it\/wp-content\/uploads\/2021\/04\/trovamici_pomeriggio-ok-1-1.jpg\" \/>\n<meta name=\"twitter:card\" content=\"summary_large_image\" \/>\n<meta name=\"twitter:label1\" content=\"Tempo di lettura stimato\" \/>\n\t<meta name=\"twitter:data1\" content=\"2 minuti\" \/>\n<script type=\"application\/ld+json\" class=\"yoast-schema-graph\">{\"@context\":\"https:\\\/\\\/schema.org\",\"@graph\":[{\"@type\":\"WebPage\",\"@id\":\"https:\\\/\\\/www.eskimocoop.it\\\/?page_id=62\",\"url\":\"https:\\\/\\\/www.eskimocoop.it\\\/?page_id=62\",\"name\":\"Centro gioco educativo - Cooperativa Sociale Eskimo Onlus\",\"isPartOf\":{\"@id\":\"https:\\\/\\\/www.eskimocoop.it\\\/#website\"},\"primaryImageOfPage\":{\"@id\":\"https:\\\/\\\/www.eskimocoop.it\\\/?page_id=62#primaryimage\"},\"image\":{\"@id\":\"https:\\\/\\\/www.eskimocoop.it\\\/?page_id=62#primaryimage\"},\"thumbnailUrl\":\"https:\\\/\\\/www.eskimocoop.it\\\/wp-content\\\/uploads\\\/2021\\\/04\\\/trovamici_pomeriggio-ok-1-1.jpg\",\"datePublished\":\"2021-04-24T09:07:43+00:00\",\"dateModified\":\"2021-04-27T10:41:35+00:00\",\"breadcrumb\":{\"@id\":\"https:\\\/\\\/www.eskimocoop.it\\\/?page_id=62#breadcrumb\"},\"inLanguage\":\"it-IT\",\"potentialAction\":[{\"@type\":\"ReadAction\",\"target\":[\"https:\\\/\\\/www.eskimocoop.it\\\/?page_id=62\"]}]},{\"@type\":\"ImageObject\",\"inLanguage\":\"it-IT\",\"@id\":\"https:\\\/\\\/www.eskimocoop.it\\\/?page_id=62#primaryimage\",\"url\":\"https:\\\/\\\/www.eskimocoop.it\\\/wp-content\\\/uploads\\\/2021\\\/04\\\/trovamici_pomeriggio-ok-1-1.jpg\",\"contentUrl\":\"https:\\\/\\\/www.eskimocoop.it\\\/wp-content\\\/uploads\\\/2021\\\/04\\\/trovamici_pomeriggio-ok-1-1.jpg\",\"width\":800,\"height\":600},{\"@type\":\"BreadcrumbList\",\"@id\":\"https:\\\/\\\/www.eskimocoop.it\\\/?page_id=62#breadcrumb\",\"itemListElement\":[{\"@type\":\"ListItem\",\"position\":1,\"name\":\"Home\",\"item\":\"https:\\\/\\\/www.eskimocoop.it\\\/\"},{\"@type\":\"ListItem\",\"position\":2,\"name\":\"Centro gioco educativo\"}]},{\"@type\":\"WebSite\",\"@id\":\"https:\\\/\\\/www.eskimocoop.it\\\/#website\",\"url\":\"https:\\\/\\\/www.eskimocoop.it\\\/\",\"name\":\"Cooperativa Sociale Eskimo Onlus\",\"description\":\"Cooperativa Eskimo\",\"publisher\":{\"@id\":\"https:\\\/\\\/www.eskimocoop.it\\\/#organization\"},\"potentialAction\":[{\"@type\":\"SearchAction\",\"target\":{\"@type\":\"EntryPoint\",\"urlTemplate\":\"https:\\\/\\\/www.eskimocoop.it\\\/?s={search_term_string}\"},\"query-input\":{\"@type\":\"PropertyValueSpecification\",\"valueRequired\":true,\"valueName\":\"search_term_string\"}}],\"inLanguage\":\"it-IT\"},{\"@type\":\"Organization\",\"@id\":\"https:\\\/\\\/www.eskimocoop.it\\\/#organization\",\"name\":\"Cooperativa Sociale Eskimo Onlus\",\"url\":\"https:\\\/\\\/www.eskimocoop.it\\\/\",\"logo\":{\"@type\":\"ImageObject\",\"inLanguage\":\"it-IT\",\"@id\":\"https:\\\/\\\/www.eskimocoop.it\\\/#\\\/schema\\\/logo\\\/image\\\/\",\"url\":\"https:\\\/\\\/www.eskimocoop.it\\\/wp-content\\\/uploads\\\/2021\\\/04\\\/cropped-eskimo_logo.jpg\",\"contentUrl\":\"https:\\\/\\\/www.eskimocoop.it\\\/wp-content\\\/uploads\\\/2021\\\/04\\\/cropped-eskimo_logo.jpg\",\"width\":1181,\"height\":526,\"caption\":\"Cooperativa Sociale Eskimo Onlus\"},\"image\":{\"@id\":\"https:\\\/\\\/www.eskimocoop.it\\\/#\\\/schema\\\/logo\\\/image\\\/\"},\"sameAs\":[\"https:\\\/\\\/www.facebook.com\\\/Eskimo-Societ\u00e0-Cooperativa-Sociale-1764503417114890\"]}]}<\/script>\n<!-- \/ Yoast SEO plugin. -->","yoast_head_json":{"title":"Centro gioco educativo - Cooperativa Sociale Eskimo Onlus","robots":{"index":"index","follow":"follow","max-snippet":"max-snippet:-1","max-image-preview":"max-image-preview:large","max-video-preview":"max-video-preview:-1"},"canonical":"https:\/\/www.eskimocoop.it\/?page_id=62","og_locale":"it_IT","og_type":"article","og_title":"Centro gioco educativo - Cooperativa Sociale Eskimo Onlus","og_description":"Centro gioco educativo \u201cTrovamici\u201d Il Trovamici ha sede in Empoli, in Largo della Resistenza 2. \u00c8 uno spazio ludico che presta massima attenzione ai tempi di ciascun bambino, per favorire lo sviluppo e il potenziamento delle capacit\u00e0 creative e dare l&#8217;occasione di conoscere e di sperimentare attivit\u00e0 divertenti. Al Trovamici &hellip;","og_url":"https:\/\/www.eskimocoop.it\/?page_id=62","og_site_name":"Cooperativa Sociale Eskimo Onlus","article_publisher":"https:\/\/www.facebook.com\/Eskimo-Societ%c3%a0-Cooperativa-Sociale-1764503417114890","article_modified_time":"2021-04-27T10:41:35+00:00","og_image":[{"url":"https:\/\/www.eskimocoop.it\/wp-content\/uploads\/2021\/04\/trovamici_pomeriggio-ok-1-1.jpg","type":"","width":"","height":""}],"twitter_card":"summary_large_image","twitter_misc":{"Tempo di lettura stimato":"2 minuti"},"schema":{"@context":"https:\/\/schema.org","@graph":[{"@type":"WebPage","@id":"https:\/\/www.eskimocoop.it\/?page_id=62","url":"https:\/\/www.eskimocoop.it\/?page_id=62","name":"Centro gioco educativo - Cooperativa Sociale Eskimo Onlus","isPartOf":{"@id":"https:\/\/www.eskimocoop.it\/#website"},"primaryImageOfPage":{"@id":"https:\/\/www.eskimocoop.it\/?page_id=62#primaryimage"},"image":{"@id":"https:\/\/www.eskimocoop.it\/?page_id=62#primaryimage"},"thumbnailUrl":"https:\/\/www.eskimocoop.it\/wp-content\/uploads\/2021\/04\/trovamici_pomeriggio-ok-1-1.jpg","datePublished":"2021-04-24T09:07:43+00:00","dateModified":"2021-04-27T10:41:35+00:00","breadcrumb":{"@id":"https:\/\/www.eskimocoop.it\/?page_id=62#breadcrumb"},"inLanguage":"it-IT","potentialAction":[{"@type":"ReadAction","target":["https:\/\/www.eskimocoop.it\/?page_id=62"]}]},{"@type":"ImageObject","inLanguage":"it-IT","@id":"https:\/\/www.eskimocoop.it\/?page_id=62#primaryimage","url":"https:\/\/www.eskimocoop.it\/wp-content\/uploads\/2021\/04\/trovamici_pomeriggio-ok-1-1.jpg","contentUrl":"https:\/\/www.eskimocoop.it\/wp-content\/uploads\/2021\/04\/trovamici_pomeriggio-ok-1-1.jpg","width":800,"height":600},{"@type":"BreadcrumbList","@id":"https:\/\/www.eskimocoop.it\/?page_id=62#breadcrumb","itemListElement":[{"@type":"ListItem","position":1,"name":"Home","item":"https:\/\/www.eskimocoop.it\/"},{"@type":"ListItem","position":2,"name":"Centro gioco educativo"}]},{"@type":"WebSite","@id":"https:\/\/www.eskimocoop.it\/#website","url":"https:\/\/www.eskimocoop.it\/","name":"Cooperativa Sociale Eskimo Onlus","description":"Cooperativa Eskimo","publisher":{"@id":"https:\/\/www.eskimocoop.it\/#organization"},"potentialAction":[{"@type":"SearchAction","target":{"@type":"EntryPoint","urlTemplate":"https:\/\/www.eskimocoop.it\/?s={search_term_string}"},"query-input":{"@type":"PropertyValueSpecification","valueRequired":true,"valueName":"search_term_string"}}],"inLanguage":"it-IT"},{"@type":"Organization","@id":"https:\/\/www.eskimocoop.it\/#organization","name":"Cooperativa Sociale Eskimo Onlus","url":"https:\/\/www.eskimocoop.it\/","logo":{"@type":"ImageObject","inLanguage":"it-IT","@id":"https:\/\/www.eskimocoop.it\/#\/schema\/logo\/image\/","url":"https:\/\/www.eskimocoop.it\/wp-content\/uploads\/2021\/04\/cropped-eskimo_logo.jpg","contentUrl":"https:\/\/www.eskimocoop.it\/wp-content\/uploads\/2021\/04\/cropped-eskimo_logo.jpg","width":1181,"height":526,"caption":"Cooperativa Sociale Eskimo Onlus"},"image":{"@id":"https:\/\/www.eskimocoop.it\/#\/schema\/logo\/image\/"},"sameAs":["https:\/\/www.facebook.com\/Eskimo-Societ\u00e0-Cooperativa-Sociale-1764503417114890"]}]}},"_links":{"self":[{"href":"https:\/\/www.eskimocoop.it\/index.php?rest_route=\/wp\/v2\/pages\/62","targetHints":{"allow":["GET"]}}],"collection":[{"href":"https:\/\/www.eskimocoop.it\/index.php?rest_route=\/wp\/v2\/pages"}],"about":[{"href":"https:\/\/www.eskimocoop.it\/index.php?rest_route=\/wp\/v2\/types\/page"}],"author":[{"embeddable":true,"href":"https:\/\/www.eskimocoop.it\/index.php?rest_route=\/wp\/v2\/users\/1"}],"replies":[{"embeddable":true,"href":"https:\/\/www.eskimocoop.it\/index.php?rest_route=%2Fwp%2Fv2%2Fcomments&post=62"}],"version-history":[{"count":10,"href":"https:\/\/www.eskimocoop.it\/index.php?rest_route=\/wp\/v2\/pages\/62\/revisions"}],"predecessor-version":[{"id":416,"href":"https:\/\/www.eskimocoop.it\/index.php?rest_route=\/wp\/v2\/pages\/62\/revisions\/416"}],"wp:attachment":[{"href":"https:\/\/www.eskimocoop.it\/index.php?rest_route=%2Fwp%2Fv2%2Fmedia&parent=62"}],"curies":[{"name":"wp","href":"https:\/\/api.w.org\/{rel}","templated":true}]}}